{"id":895,"date":"2024-05-06T07:10:59","date_gmt":"2024-05-06T05:10:59","guid":{"rendered":"https:\/\/becdor.com\/?page_id=895"},"modified":"2024-06-14T09:52:21","modified_gmt":"2024-06-14T07:52:21","slug":"cgv-cgu","status":"publish","type":"page","link":"https:\/\/becdor.com\/de\/cgv-cgu\/","title":{"rendered":"CGV \/ CGU"},"content":{"rendered":"<div data-elementor-type=\"wp-page\" data-elementor-id=\"895\" class=\"elementor elementor-895\" data-elementor-post-type=\"page\">\n\t\t\t\t<div class=\"elementor-element elementor-element-d0d18d9 e-con-full e-flex e-con e-parent\" data-id=\"d0d18d9\" data-element_type=\"container\" data-e-type=\"container\">\n\t\t\t\t<div class=\"elementor-element elementor-element-a770c3e elementor-widget__width-inherit elementor-widget elementor-widget-heading\" data-id=\"a770c3e\" data-element_type=\"widget\" data-e-type=\"widget\" data-widget_type=\"heading.default\">\n\t\t\t\t<div class=\"elementor-widget-container\">\n\t\t\t\t\t<h2 class=\"elementor-heading-title elementor-size-default\">CGV \/ CGU<\/h2>\t\t\t\t<\/div>\n\t\t\t\t<\/div>\n\t\t\t\t<\/div>\n\t\t<div class=\"elementor-element elementor-element-3aed1b8 e-flex e-con-boxed e-con e-parent\" data-id=\"3aed1b8\" data-element_type=\"container\" data-e-type=\"container\">\n\t\t\t\t\t<div class=\"e-con-inner\">\n\t\t\t\t<div class=\"elementor-element elementor-element-15e3dc6 elementor-widget elementor-widget-text-editor\" data-id=\"15e3dc6\" data-element_type=\"widget\" data-e-type=\"widget\" data-widget_type=\"text-editor.default\">\n\t\t\t\t<div class=\"elementor-widget-container\">\n\t\t\t\t\t\t\t\t\t<p><\/p>\n<p><strong>Bedingungen der Dienstleistung<\/strong><\/p>\n<ul>\n<li>Nutzung der Website<\/li>\n<li>Besucher- und Cookie-Nutzungsstatistiken<\/li>\n<li>Sicherheit der Daten<\/li>\n<li>Schutz von personenbezogenen Daten<\/li>\n<li>Verkaufsbedingungen<\/li>\n<\/ul>\n<p>\u00a0<\/p>\n<p><strong>Nutzung der Website<\/strong><\/p>\n<p>Jede Nutzung dieser Website und der von ihr angebotenen Dienste (wie Newsletter, Bilder, Online-Bestellungen usw.) setzt voraus, dass der Nutzer diese allgemeinen Bedingungen akzeptiert.<\/p>\n<p>Alle Elemente dieser Website sind durch die Gesetzgebung zum Schutz des geistigen Eigentums und insbesondere durch die Gesetzgebung zum Urheberrecht gesch\u00fctzt.<\/p>\n<p>Kein Teil dieser Website, ob grafisch, ikonographisch, textlich, videographisch oder audiovisuell, darf ohne ausdr\u00fcckliche Genehmigung von Domaine Bec d'Or kopiert, wiederver\u00f6ffentlicht, in einem Datenabruf- und -extraktionssystem gespeichert oder reproduziert werden, egal in welcher Form oder mit welchen Mitteln.<\/p>\n<p>Die Domaine Bec d'Or ist bestrebt, auf ihrer Website genaue und aktuelle Informationen bereitzustellen. Sie kann jedoch keine Gew\u00e4hr f\u00fcr die Richtigkeit, Zuverl\u00e4ssigkeit und Vollst\u00e4ndigkeit der darin enthaltenen Informationen oder der Informationen, auf die verwiesen wird, \u00fcbernehmen.<\/p>\n<p>Au\u00dferdem k\u00f6nnen Systemausf\u00e4lle wie Unterbrechungen, Virenbefall oder Datenverlust nicht ausgeschlossen werden.<\/p>\n<p>Schliesslich beh\u00e4lt sich die Stadt Lausanne das Recht vor, ihre Website sowie die dort ver\u00f6ffentlichten Informationen jederzeit und ohne vorherige Ank\u00fcndigung zu erg\u00e4nzen, zu \u00e4ndern oder zu l\u00f6schen.<\/p>\n<p>\u00a0<\/p>\n<p><strong>Anwesenheitsstatistiken und Verwendung von Cookies<\/strong><\/p>\n<p>Der Zugriff auf die Seiten dieser Website wird zu statistischen Zwecken aufgezeichnet, was R\u00fcckschl\u00fcsse auf das Verhalten der Nutzer der Websites erm\u00f6glicht. Diese Statistiken werden vollst\u00e4ndig anonymisiert erhoben.<\/p>\n<p>Diese Website benutzt Google Analytics, einen kostenlosen Service zur Analyse von Websites, der von Google Inc. (\"Google\") bereitgestellt wird. Google Analytics verwendet Cookies, d.h. Textdateien, die auf dem Computer gespeichert werden und die eine Analyse der Benutzung der Website durch die Nutzer erm\u00f6glichen. Die von den Cookies erzeugten Daten betreffen die Nutzung der Website, wie z. B. geografische Herkunft, Datum des Besuchs, Dauer des Besuchs, aufgerufene Seiten und die Reihenfolge der Seiten. Diese Informationen werden verwendet, um die Nutzung der Website auszuwerten, um Reports \u00fcber die Aktivit\u00e4ten der Website f\u00fcr deren Betreiber zusammenzustellen und um weitere mit der Websitenutzung und der Internetnutzung verbundene Dienstleistungen zu erbringen.<\/p>\n<p>Abgesehen von diesen Aspekten verwendet diese Website auch Cookies, um die Nutzung ihrer Online-Angebote zu erleichtern und um die Nutzererfahrung kontinuierlich zu optimieren und zu verbessern.<\/p>\n<p>Die Verwendung von Cookies kann jederzeit \u00fcber die entsprechenden Browsereinstellungen deaktiviert werden. Eine solche Deaktivierung kann jedoch die Nutzung bestimmter Funktionen dieser Website verhindern.<\/p>\n<p>Wenn Sie unsere Anmeldeseite besuchen, setzen wir ein tempor\u00e4res Cookie, um festzustellen, ob Ihr Browser Cookies zul\u00e4sst. Dieses Cookie enth\u00e4lt keine pers\u00f6nlichen Daten und wird gel\u00f6scht, wenn Sie Ihren Browser schlie\u00dfen.<\/p>\n<p>Wenn Sie sich anmelden, legen wir au\u00dferdem mehrere Cookies an, um Ihre Anmeldeinformationen und die von Ihnen gew\u00e4hlten Bildschirmoptionen zu speichern. Die Anmelde-Cookies bleiben zwei Tage lang gespeichert, die Cookies f\u00fcr die Bildschirmoptionen ein Jahr lang. Wenn Sie \"Remember Me\" w\u00e4hlen, bleibt Ihr Login zwei Wochen lang erhalten. Wenn Sie sich von Ihrem Konto abmelden, werden die Anmelde-Cookies entfernt.<\/p>\n<p>\u00a0<\/p>\n<p><strong>Sicherheit der Daten<\/strong><\/p>\n<p>Die Domaine Bec d'Or hat angemessene organisatorische und technische Ma\u00dfnahmen getroffen, um zuf\u00e4llige oder vors\u00e4tzliche Manipulationen an dieser Website sowie Verlust, Zerst\u00f6rung von Daten oder unberechtigten Zugriff bei der Nutzung dieser Website zu verhindern.<\/p>\n<p>\u00a0<\/p>\n<p><strong>Schutz von personenbezogenen Daten<\/strong><\/p>\n<p>Wir sammeln personenbezogene Daten im Zusammenhang mit dieser Website auf folgende Weise:<\/p>\n<ul>\n<li>Die Informationen, die Sie uns freiwillig mitteilen, insbesondere \u00fcber Formulare, um auf die Dienste der Website zuzugreifen (Bestellungen, Newsletter usw.), wie z. B. Ihren Namen, Vornamen, Ihre E-Mail-Adresse, Ihre Adresse, Zahlungsdaten usw.<\/li>\n<li>Informationen, die beim Besuch der Website automatisch erfasst werden. Sie sind haupts\u00e4chlich technischer Natur (z. B. Internet-Browser, Betriebssystem oder Zeitpunkt des Zugriffs auf die Seite). Siehe auch den Abschnitt \"Besuchsstatistiken und Verwendung von Cookies\" weiter oben.<\/li>\n<li>Wenn Sie ein neues Passwort anfordern, wird Ihre IP-Adresse in der E-Mail mit dem neuen Passwort angegeben.<\/li>\n<\/ul>\n<p>Diese Informationen werden ausschlie\u00dflich zum Zweck der Bereitstellung der von Ihnen abonnierten Dienste und der angemessenen Verwaltung dieser Website verarbeitet. In diesem Zusammenhang werden nur die unbedingt erforderlichen Daten verarbeitet. Falls erforderlich, k\u00f6nnen sie an Dienstleister weitergegeben werden, die an der Ausf\u00fchrung der Dienste beteiligt sind oder uns bei der Verwaltung der Website unterst\u00fctzen. Die so \u00fcbermittelten Daten d\u00fcrfen nur f\u00fcr die Durchf\u00fchrung der ihnen anvertrauten Operationen verwendet werden. Eine andere Verwendung ist nicht gestattet.<\/p>\n<p>Gem\u00e4\u00df den Datenschutzgesetzen haben Sie das Recht, unentgeltlich \u00fcber die \u00fcber Sie verarbeiteten personenbezogenen Daten informiert zu werden und, falls diese unrichtig oder unvollst\u00e4ndig sind, das Recht, sie zu berichtigen oder zu l\u00f6schen. Die meisten dieser Vorg\u00e4nge k\u00f6nnen Sie direkt durchf\u00fchren, indem Sie sich in Ihr Konto einloggen und die entsprechenden Einstellungen w\u00e4hlen. Sie k\u00f6nnen uns auch unter der unten angegebenen Adresse kontaktieren.<\/p>\n<p>Wir behalten uns jedoch das Recht vor, Anfragen abzulehnen, die sich in unangemessener Weise wiederholen, einen unverh\u00e4ltnism\u00e4\u00dfig hohen technischen Aufwand erfordern oder einfach unpraktisch sind.<\/p>\n<p>\u00a0<\/p>\n<p><strong>Verkaufsbedingungen<\/strong><\/p>\n<ul>\n<li>Der endg\u00fcltige Bestellpreis ist inklusive Mehrwertsteuer.<\/li>\n<li>Die Versandkosten werden im Warenkorb angezeigt und sind abh\u00e4ngig von Ihrer Bestellung und dem Bestellwert. Die Lieferung ist in der Schweiz ab einem Bestellwert von CHF 300 pro Warenkorb kostenlos. Internationale Liefergeb\u00fchren und Steuern werden nach den Bestimmungen des jeweiligen Landes berechnet.<\/li>\n<li>Bestellungen sind garantiert, solange der Vorrat reicht.<\/li>\n<li>Bei jeder Bestellung kann nur ein Aktionscode oder Gutschein verwendet werden.<\/li>\n<\/ul>\t\t\t\t\t\t\t\t<\/div>\n\t\t\t\t<\/div>\n\t\t\t\t\t<\/div>\n\t\t\t\t<\/div>\n\t\t\t\t<\/div>","protected":false},"excerpt":{"rendered":"<p>CGV \/ CGU Terms of Service Use of the site Visitor and cookie usage statistics Data security Protection of personal data Terms of Sales \u00a0 Use of the site Any use of this website and the services offered by it (such as newsletters, pictures, online ordering, etc.) is subject to the prior acceptance by the [&hellip;]<\/p>\n","protected":false},"author":2,"featured_media":0,"parent":0,"menu_order":0,"comment_status":"closed","ping_status":"closed","template":"","meta":{"_acf_changed":false,"footnotes":""},"class_list":["post-895","page","type-page","status-publish","hentry"],"acf":[],"yoast_head":"<!-- This site is optimized with the Yoast SEO plugin v27.0 - https:\/\/yoast.com\/product\/yoast-seo-wordpress\/ -->\n<title>CGV \/ CGU - Domaine Bec d&#039;Or<\/title>\n<meta name=\"robots\" content=\"index, follow, max-snippet:-1, max-image-preview:large, max-video-preview:-1\" \/>\n<link rel=\"canonical\" href=\"https:\/\/becdor.com\/de\/cgv-cgu\/\" \/>\n<meta property=\"og:locale\" content=\"de_DE\" \/>\n<meta property=\"og:type\" content=\"article\" \/>\n<meta property=\"og:title\" content=\"CGV \/ CGU - Domaine Bec d&#039;Or\" \/>\n<meta property=\"og:description\" content=\"CGV \/ CGU Terms of Service Use of the site Visitor and cookie usage statistics Data security Protection of personal data Terms of Sales \u00a0 Use of the site Any use of this website and the services offered by it (such as newsletters, pictures, online ordering, etc.) is subject to the prior acceptance by the [&hellip;]\" \/>\n<meta property=\"og:url\" content=\"https:\/\/becdor.com\/de\/cgv-cgu\/\" \/>\n<meta property=\"og:site_name\" content=\"Domaine Bec d&#039;Or\" \/>\n<meta property=\"article:modified_time\" content=\"2024-06-14T07:52:21+00:00\" \/>\n<meta name=\"twitter:card\" content=\"summary_large_image\" \/>\n<meta name=\"twitter:label1\" content=\"Gesch\u00e4tzte Lesezeit\" \/>\n\t<meta name=\"twitter:data1\" content=\"4\u00a0Minuten\" \/>\n<script type=\"application\/ld+json\" class=\"yoast-schema-graph\">{\"@context\":\"https:\/\/schema.org\",\"@graph\":[{\"@type\":\"WebPage\",\"@id\":\"https:\/\/becdor.com\/cgv-cgu\/\",\"url\":\"https:\/\/becdor.com\/cgv-cgu\/\",\"name\":\"CGV \/ CGU - Domaine Bec d&#039;Or\",\"isPartOf\":{\"@id\":\"https:\/\/becdor.com\/#website\"},\"datePublished\":\"2024-05-06T05:10:59+00:00\",\"dateModified\":\"2024-06-14T07:52:21+00:00\",\"breadcrumb\":{\"@id\":\"https:\/\/becdor.com\/cgv-cgu\/#breadcrumb\"},\"inLanguage\":\"de\",\"potentialAction\":[{\"@type\":\"ReadAction\",\"target\":[\"https:\/\/becdor.com\/cgv-cgu\/\"]}]},{\"@type\":\"BreadcrumbList\",\"@id\":\"https:\/\/becdor.com\/cgv-cgu\/#breadcrumb\",\"itemListElement\":[{\"@type\":\"ListItem\",\"position\":1,\"name\":\"Home\",\"item\":\"https:\/\/becdor.com\/\"},{\"@type\":\"ListItem\",\"position\":2,\"name\":\"CGV \/ CGU\"}]},{\"@type\":\"WebSite\",\"@id\":\"https:\/\/becdor.com\/#website\",\"url\":\"https:\/\/becdor.com\/\",\"name\":\"Domaine Bec d&#039;Or\",\"description\":\"\",\"potentialAction\":[{\"@type\":\"SearchAction\",\"target\":{\"@type\":\"EntryPoint\",\"urlTemplate\":\"https:\/\/becdor.com\/?s={search_term_string}\"},\"query-input\":{\"@type\":\"PropertyValueSpecification\",\"valueRequired\":true,\"valueName\":\"search_term_string\"}}],\"inLanguage\":\"de\"}]}<\/script>\n<!-- \/ Yoast SEO plugin. -->","yoast_head_json":{"title":"CGV \/ CGU - Domaine Bec d&#039;Or","robots":{"index":"index","follow":"follow","max-snippet":"max-snippet:-1","max-image-preview":"max-image-preview:large","max-video-preview":"max-video-preview:-1"},"canonical":"https:\/\/becdor.com\/de\/cgv-cgu\/","og_locale":"de_DE","og_type":"article","og_title":"CGV \/ CGU - Domaine Bec d&#039;Or","og_description":"CGV \/ CGU Terms of Service Use of the site Visitor and cookie usage statistics Data security Protection of personal data Terms of Sales \u00a0 Use of the site Any use of this website and the services offered by it (such as newsletters, pictures, online ordering, etc.) is subject to the prior acceptance by the [&hellip;]","og_url":"https:\/\/becdor.com\/de\/cgv-cgu\/","og_site_name":"Domaine Bec d&#039;Or","article_modified_time":"2024-06-14T07:52:21+00:00","twitter_card":"summary_large_image","twitter_misc":{"Gesch\u00e4tzte Lesezeit":"4\u00a0Minuten"},"schema":{"@context":"https:\/\/schema.org","@graph":[{"@type":"WebPage","@id":"https:\/\/becdor.com\/cgv-cgu\/","url":"https:\/\/becdor.com\/cgv-cgu\/","name":"CGV \/ CGU - Domaine Bec d&#039;Or","isPartOf":{"@id":"https:\/\/becdor.com\/#website"},"datePublished":"2024-05-06T05:10:59+00:00","dateModified":"2024-06-14T07:52:21+00:00","breadcrumb":{"@id":"https:\/\/becdor.com\/cgv-cgu\/#breadcrumb"},"inLanguage":"de","potentialAction":[{"@type":"ReadAction","target":["https:\/\/becdor.com\/cgv-cgu\/"]}]},{"@type":"BreadcrumbList","@id":"https:\/\/becdor.com\/cgv-cgu\/#breadcrumb","itemListElement":[{"@type":"ListItem","position":1,"name":"Home","item":"https:\/\/becdor.com\/"},{"@type":"ListItem","position":2,"name":"CGV \/ CGU"}]},{"@type":"WebSite","@id":"https:\/\/becdor.com\/#website","url":"https:\/\/becdor.com\/","name":"Dom\u00e4ne Bec d'Or","description":"","potentialAction":[{"@type":"SearchAction","target":{"@type":"EntryPoint","urlTemplate":"https:\/\/becdor.com\/?s={search_term_string}"},"query-input":{"@type":"PropertyValueSpecification","valueRequired":true,"valueName":"search_term_string"}}],"inLanguage":"de"}]}},"_links":{"self":[{"href":"https:\/\/becdor.com\/de\/wp-json\/wp\/v2\/pages\/895","targetHints":{"allow":["GET"]}}],"collection":[{"href":"https:\/\/becdor.com\/de\/wp-json\/wp\/v2\/pages"}],"about":[{"href":"https:\/\/becdor.com\/de\/wp-json\/wp\/v2\/types\/page"}],"author":[{"embeddable":true,"href":"https:\/\/becdor.com\/de\/wp-json\/wp\/v2\/users\/2"}],"replies":[{"embeddable":true,"href":"https:\/\/becdor.com\/de\/wp-json\/wp\/v2\/comments?post=895"}],"version-history":[{"count":16,"href":"https:\/\/becdor.com\/de\/wp-json\/wp\/v2\/pages\/895\/revisions"}],"predecessor-version":[{"id":970,"href":"https:\/\/becdor.com\/de\/wp-json\/wp\/v2\/pages\/895\/revisions\/970"}],"wp:attachment":[{"href":"https:\/\/becdor.com\/de\/wp-json\/wp\/v2\/media?parent=895"}],"curies":[{"name":"wp","href":"https:\/\/api.w.org\/{rel}","templated":true}]}}