{"id":1188,"date":"2025-09-02T09:31:57","date_gmt":"2025-09-02T07:31:57","guid":{"rendered":"https:\/\/becdor.com\/?post_type=product&#038;p=1188"},"modified":"2026-03-26T10:22:45","modified_gmt":"2026-03-26T09:22:45","slug":"en-bugnon","status":"publish","type":"product","link":"https:\/\/becdor.com\/de\/produit\/en-bugnon\/","title":{"rendered":"EN BUGNON"},"content":{"rendered":"<p><strong>Anzahl Flaschen<\/strong> - 1\u2019900 geerntete Flaschen.<\/p>\n<p><strong>Alter der Reben<\/strong> - 30 Jahre.<\/p>\n<p><strong>Ertrag<\/strong> - 900 Gramm\/m\u00b2.<\/p>\n<p><strong>Parzelle<\/strong> - Lage \u201eBugnon\u201c in Mont-sur-Rolle Reben in Guyot erzogen<\/p>\n<p><strong>Lese<\/strong> - In Kisten gelesen am 19. September 2025.<\/p>\n<p><strong>Vinifikation<\/strong> - Trennung der Vor- und Pressweine, anschliessend Ausbau im Edelstahltank.<\/p>\n<p><strong>Farbe<\/strong> - Helles Gelb.<\/p>\n<p><strong>Bukett<\/strong> - Aromen von weissen Bl\u00fcten, weissem Pfirsich und Lindenbl\u00fcten, dazu Zitrusnoten.<\/p>\n<p><strong>Gaumen<\/strong> - Sch\u00f6ne Intensit\u00e4t, rund und fein mit etwas Schmelz. Am Gaumen saftig mit sch\u00f6ner S\u00e4ure und guter L\u00e4nge.<\/p>\n<p><strong>Lagerf\u00e4higkeit<\/strong> - In den ersten drei Jahren in seiner Frische geniessen, danach ab dem 10. Jahr bis mindestens 50 Jahre lagerf\u00e4hig.<\/p>\n<p><strong>Speiseempfehlungen<\/strong> - Gebratenes Bauerngefl\u00fcgel, kurzer Jus und Selleriep\u00fcree Eglifilet meuni\u00e8re, Zitronen-Nussbutter und frische Mandeln.<\/p>","protected":false},"excerpt":{"rendered":"<p>Number of bottles \u2013 1,900 bottles produced. Vine \u2013 30 years. Yield \u2013 900 g\/m\u00b2. Vineyard parcel \u2013 Lieu-dit \u201cBugnon\u201d, in Mont-sur-Rolle. Vines trained in Guyot. Harvest \u2013 Hand-harvested in crates on September 19, 2025. Vinification \u2013 Separation of free-run and press juices, followed by ageing in stainless steel tanks. Appearance \u2013 Pale yellow. Nose [&hellip;]<\/p>\n","protected":false},"featured_media":1178,"template":"","meta":{"_acf_changed":false},"product_brand":[],"product_cat":[24],"product_tag":[],"class_list":{"0":"post-1188","1":"product","2":"type-product","3":"status-publish","4":"has-post-thumbnail","6":"product_cat-white-wines","8":"first","9":"outofstock","10":"taxable","11":"shipping-taxable","12":"purchasable","13":"product-type-simple"},"acf":[],"yoast_head":"<!-- This site is optimized with the Yoast SEO plugin v27.0 - https:\/\/yoast.com\/product\/yoast-seo-wordpress\/ -->\n<title>EN BUGNON - Domaine Bec d&#039;Or<\/title>\n<meta name=\"robots\" content=\"index, follow, max-snippet:-1, max-image-preview:large, max-video-preview:-1\" \/>\n<link rel=\"canonical\" href=\"https:\/\/becdor.com\/de\/produit\/en-bugnon\/\" \/>\n<meta property=\"og:locale\" content=\"de_DE\" \/>\n<meta property=\"og:type\" content=\"article\" \/>\n<meta property=\"og:title\" content=\"EN BUGNON - Domaine Bec d&#039;Or\" \/>\n<meta property=\"og:description\" content=\"Number of bottles \u2013 1,900 bottles produced. Vine \u2013 30 years. Yield \u2013 900 g\/m\u00b2. Vineyard parcel \u2013 Lieu-dit \u201cBugnon\u201d, in Mont-sur-Rolle. Vines trained in Guyot. Harvest \u2013 Hand-harvested in crates on September 19, 2025. Vinification \u2013 Separation of free-run and press juices, followed by ageing in stainless steel tanks. Appearance \u2013 Pale yellow. Nose [&hellip;]\" \/>\n<meta property=\"og:url\" content=\"https:\/\/becdor.com\/de\/produit\/en-bugnon\/\" \/>\n<meta property=\"og:site_name\" content=\"Domaine Bec d&#039;Or\" \/>\n<meta property=\"article:modified_time\" content=\"2026-03-26T09:22:45+00:00\" \/>\n<meta property=\"og:image\" content=\"https:\/\/becdor.com\/wp-content\/uploads\/2026\/03\/En-Bugnon_-Chasselas-2025--scaled.webp\" \/>\n\t<meta property=\"og:image:width\" content=\"1708\" \/>\n\t<meta property=\"og:image:height\" content=\"2560\" \/>\n\t<meta property=\"og:image:type\" content=\"image\/webp\" \/>\n<meta name=\"twitter:card\" content=\"summary_large_image\" \/>\n<meta name=\"twitter:label1\" content=\"Gesch\u00e4tzte Lesezeit\" \/>\n\t<meta name=\"twitter:data1\" content=\"1\u00a0Minute\" \/>\n<script type=\"application\/ld+json\" class=\"yoast-schema-graph\">{\"@context\":\"https:\/\/schema.org\",\"@graph\":[{\"@type\":\"WebPage\",\"@id\":\"https:\/\/becdor.com\/produit\/en-bugnon\/\",\"url\":\"https:\/\/becdor.com\/produit\/en-bugnon\/\",\"name\":\"EN BUGNON - Domaine Bec d&#039;Or\",\"isPartOf\":{\"@id\":\"https:\/\/becdor.com\/#website\"},\"primaryImageOfPage\":{\"@id\":\"https:\/\/becdor.com\/produit\/en-bugnon\/#primaryimage\"},\"image\":{\"@id\":\"https:\/\/becdor.com\/produit\/en-bugnon\/#primaryimage\"},\"thumbnailUrl\":\"https:\/\/becdor.com\/wp-content\/uploads\/2026\/03\/En-Bugnon_-Chasselas-2025--scaled.webp\",\"datePublished\":\"2025-09-02T07:31:57+00:00\",\"dateModified\":\"2026-03-26T09:22:45+00:00\",\"breadcrumb\":{\"@id\":\"https:\/\/becdor.com\/produit\/en-bugnon\/#breadcrumb\"},\"inLanguage\":\"de\",\"potentialAction\":[{\"@type\":\"ReadAction\",\"target\":[\"https:\/\/becdor.com\/produit\/en-bugnon\/\"]}]},{\"@type\":\"ImageObject\",\"inLanguage\":\"de\",\"@id\":\"https:\/\/becdor.com\/produit\/en-bugnon\/#primaryimage\",\"url\":\"https:\/\/becdor.com\/wp-content\/uploads\/2026\/03\/En-Bugnon_-Chasselas-2025--scaled.webp\",\"contentUrl\":\"https:\/\/becdor.com\/wp-content\/uploads\/2026\/03\/En-Bugnon_-Chasselas-2025--scaled.webp\",\"width\":1708,\"height\":2560},{\"@type\":\"BreadcrumbList\",\"@id\":\"https:\/\/becdor.com\/produit\/en-bugnon\/#breadcrumb\",\"itemListElement\":[{\"@type\":\"ListItem\",\"position\":1,\"name\":\"Home\",\"item\":\"https:\/\/becdor.com\/\"},{\"@type\":\"ListItem\",\"position\":2,\"name\":\"Shop\",\"item\":\"https:\/\/becdor.com\/shop\/\"},{\"@type\":\"ListItem\",\"position\":3,\"name\":\"EN BUGNON\"}]},{\"@type\":\"WebSite\",\"@id\":\"https:\/\/becdor.com\/#website\",\"url\":\"https:\/\/becdor.com\/\",\"name\":\"Domaine Bec d&#039;Or\",\"description\":\"\",\"potentialAction\":[{\"@type\":\"SearchAction\",\"target\":{\"@type\":\"EntryPoint\",\"urlTemplate\":\"https:\/\/becdor.com\/?s={search_term_string}\"},\"query-input\":{\"@type\":\"PropertyValueSpecification\",\"valueRequired\":true,\"valueName\":\"search_term_string\"}}],\"inLanguage\":\"de\"}]}<\/script>\n<!-- \/ Yoast SEO plugin. -->","yoast_head_json":{"title":"EN BUGNON - Domaine Bec d&#039;Or","robots":{"index":"index","follow":"follow","max-snippet":"max-snippet:-1","max-image-preview":"max-image-preview:large","max-video-preview":"max-video-preview:-1"},"canonical":"https:\/\/becdor.com\/de\/produit\/en-bugnon\/","og_locale":"de_DE","og_type":"article","og_title":"EN BUGNON - Domaine Bec d&#039;Or","og_description":"Number of bottles \u2013 1,900 bottles produced. Vine \u2013 30 years. Yield \u2013 900 g\/m\u00b2. Vineyard parcel \u2013 Lieu-dit \u201cBugnon\u201d, in Mont-sur-Rolle. Vines trained in Guyot. Harvest \u2013 Hand-harvested in crates on September 19, 2025. Vinification \u2013 Separation of free-run and press juices, followed by ageing in stainless steel tanks. Appearance \u2013 Pale yellow. Nose [&hellip;]","og_url":"https:\/\/becdor.com\/de\/produit\/en-bugnon\/","og_site_name":"Domaine Bec d&#039;Or","article_modified_time":"2026-03-26T09:22:45+00:00","og_image":[{"width":1708,"height":2560,"url":"https:\/\/becdor.com\/wp-content\/uploads\/2026\/03\/En-Bugnon_-Chasselas-2025--scaled.webp","type":"image\/webp"}],"twitter_card":"summary_large_image","twitter_misc":{"Gesch\u00e4tzte Lesezeit":"1\u00a0Minute"},"schema":{"@context":"https:\/\/schema.org","@graph":[{"@type":"WebPage","@id":"https:\/\/becdor.com\/produit\/en-bugnon\/","url":"https:\/\/becdor.com\/produit\/en-bugnon\/","name":"EN BUGNON - Domaine Bec d&#039;Or","isPartOf":{"@id":"https:\/\/becdor.com\/#website"},"primaryImageOfPage":{"@id":"https:\/\/becdor.com\/produit\/en-bugnon\/#primaryimage"},"image":{"@id":"https:\/\/becdor.com\/produit\/en-bugnon\/#primaryimage"},"thumbnailUrl":"https:\/\/becdor.com\/wp-content\/uploads\/2026\/03\/En-Bugnon_-Chasselas-2025--scaled.webp","datePublished":"2025-09-02T07:31:57+00:00","dateModified":"2026-03-26T09:22:45+00:00","breadcrumb":{"@id":"https:\/\/becdor.com\/produit\/en-bugnon\/#breadcrumb"},"inLanguage":"de","potentialAction":[{"@type":"ReadAction","target":["https:\/\/becdor.com\/produit\/en-bugnon\/"]}]},{"@type":"ImageObject","inLanguage":"de","@id":"https:\/\/becdor.com\/produit\/en-bugnon\/#primaryimage","url":"https:\/\/becdor.com\/wp-content\/uploads\/2026\/03\/En-Bugnon_-Chasselas-2025--scaled.webp","contentUrl":"https:\/\/becdor.com\/wp-content\/uploads\/2026\/03\/En-Bugnon_-Chasselas-2025--scaled.webp","width":1708,"height":2560},{"@type":"BreadcrumbList","@id":"https:\/\/becdor.com\/produit\/en-bugnon\/#breadcrumb","itemListElement":[{"@type":"ListItem","position":1,"name":"Home","item":"https:\/\/becdor.com\/"},{"@type":"ListItem","position":2,"name":"Shop","item":"https:\/\/becdor.com\/shop\/"},{"@type":"ListItem","position":3,"name":"EN BUGNON"}]},{"@type":"WebSite","@id":"https:\/\/becdor.com\/#website","url":"https:\/\/becdor.com\/","name":"Dom\u00e4ne Bec d'Or","description":"","potentialAction":[{"@type":"SearchAction","target":{"@type":"EntryPoint","urlTemplate":"https:\/\/becdor.com\/?s={search_term_string}"},"query-input":{"@type":"PropertyValueSpecification","valueRequired":true,"valueName":"search_term_string"}}],"inLanguage":"de"}]}},"_links":{"self":[{"href":"https:\/\/becdor.com\/de\/wp-json\/wp\/v2\/product\/1188","targetHints":{"allow":["GET"]}}],"collection":[{"href":"https:\/\/becdor.com\/de\/wp-json\/wp\/v2\/product"}],"about":[{"href":"https:\/\/becdor.com\/de\/wp-json\/wp\/v2\/types\/product"}],"wp:featuredmedia":[{"embeddable":true,"href":"https:\/\/becdor.com\/de\/wp-json\/wp\/v2\/media\/1178"}],"wp:attachment":[{"href":"https:\/\/becdor.com\/de\/wp-json\/wp\/v2\/media?parent=1188"}],"wp:term":[{"taxonomy":"product_brand","embeddable":true,"href":"https:\/\/becdor.com\/de\/wp-json\/wp\/v2\/product_brand?post=1188"},{"taxonomy":"product_cat","embeddable":true,"href":"https:\/\/becdor.com\/de\/wp-json\/wp\/v2\/product_cat?post=1188"},{"taxonomy":"product_tag","embeddable":true,"href":"https:\/\/becdor.com\/de\/wp-json\/wp\/v2\/product_tag?post=1188"}],"curies":[{"name":"wp","href":"https:\/\/api.w.org\/{rel}","templated":true}]}}