{"id":1191,"date":"2026-03-05T12:01:27","date_gmt":"2026-03-05T11:01:27","guid":{"rendered":"https:\/\/becdor.com\/?post_type=product&#038;p=1191"},"modified":"2026-03-26T10:23:12","modified_gmt":"2026-03-26T09:23:12","slug":"en-closets","status":"publish","type":"product","link":"https:\/\/becdor.com\/de\/produit\/en-closets\/","title":{"rendered":"EN CLOSETS"},"content":{"rendered":"<p><strong>Anzahl Flaschen<\/strong> - 1\u2019200 geerntete Flaschen.<\/p>\n<p><strong>Alter der Reben<\/strong> - 40 Jahre.<\/p>\n<p><strong>Ertrag<\/strong> - 600 Gramm\/m\u00b2.<\/p>\n<p><strong>Parzellen<\/strong> - Lage \u201eLa Colombi\u00e8re\u201c in Coinsins\nReben im Guyot-System erzogen.<\/p>\n<p><strong>Lese<\/strong> - In Kistchen gelesen am 23. September 2024.<\/p>\n<p><strong>Vinifikation<\/strong> - Trennung der ersten und letzten Presss\u00e4fte, anschliessend Ausbau im Edelstahltank.<\/p>\n<p><strong>Farbe<\/strong> - Intensives Rubinrot.<\/p>\n<p><strong>Bukett<\/strong> - Aromen von reifen roten Fr\u00fcchten (Himbeere und Johannisbeere).<\/p>\n<p><strong>Gaumen<\/strong> - Der Wein zeigt eine sch\u00f6ne, ausgewogene Struktur. Die Tannine sind fein, knackig und gut in die Materie integriert. Sehr sch\u00f6ne L\u00e4nge im Abgang, wobei Delikatesse und Finesse dem Wein einen genussvollen und saftigen Charakter verleihen.<\/p>\n<p><strong>Lagerf\u00e4higkeit<\/strong> - 5 bis 10 Jahre.<\/p>\n<p><strong>Speiseempfehlungen<\/strong> - Gebratene Entenbrust, kurzer Himbeerjus und kleine Kartoffeln\nDry-aged Rindfleischburger mit konfierten Zwiebeln.<\/p>","protected":false},"excerpt":{"rendered":"<p>Number of bottles \u2013 1,200 bottles produced. Vine age \u2013 40 years. Yield \u2013 600 g\/m\u00b2. Vineyard parcels \u2013 Lieu-dit \u201cClosets\u201d, in Mont-sur-Rolle. Trained in Guyot. Harvest \u2013 Hand-harvested in small crates on September 23, 2024. Vinification \u2013 Separation of free-run and press juices, followed by ageing in stainless steel tanks for 18 months. Appearance [&hellip;]<\/p>\n","protected":false},"featured_media":1179,"template":"","meta":{"_acf_changed":false},"product_brand":[],"product_cat":[23],"product_tag":[],"class_list":{"0":"post-1191","1":"product","2":"type-product","3":"status-publish","4":"has-post-thumbnail","6":"product_cat-red-wines","8":"first","9":"outofstock","10":"taxable","11":"shipping-taxable","12":"purchasable","13":"product-type-simple"},"acf":[],"yoast_head":"<!-- This site is optimized with the Yoast SEO plugin v27.0 - https:\/\/yoast.com\/product\/yoast-seo-wordpress\/ -->\n<title>EN CLOSETS - Domaine Bec d&#039;Or<\/title>\n<meta name=\"robots\" content=\"index, follow, max-snippet:-1, max-image-preview:large, max-video-preview:-1\" \/>\n<link rel=\"canonical\" href=\"https:\/\/becdor.com\/de\/produit\/en-closets\/\" \/>\n<meta property=\"og:locale\" content=\"de_DE\" \/>\n<meta property=\"og:type\" content=\"article\" \/>\n<meta property=\"og:title\" content=\"EN CLOSETS - Domaine Bec d&#039;Or\" \/>\n<meta property=\"og:description\" content=\"Number of bottles \u2013 1,200 bottles produced. Vine age \u2013 40 years. Yield \u2013 600 g\/m\u00b2. Vineyard parcels \u2013 Lieu-dit \u201cClosets\u201d, in Mont-sur-Rolle. Trained in Guyot. Harvest \u2013 Hand-harvested in small crates on September 23, 2024. Vinification \u2013 Separation of free-run and press juices, followed by ageing in stainless steel tanks for 18 months. Appearance [&hellip;]\" \/>\n<meta property=\"og:url\" content=\"https:\/\/becdor.com\/de\/produit\/en-closets\/\" \/>\n<meta property=\"og:site_name\" content=\"Domaine Bec d&#039;Or\" \/>\n<meta property=\"article:modified_time\" content=\"2026-03-26T09:23:12+00:00\" \/>\n<meta property=\"og:image\" content=\"https:\/\/becdor.com\/wp-content\/uploads\/2026\/03\/En-Closets_-Merlot-2024--scaled.webp\" \/>\n\t<meta property=\"og:image:width\" content=\"1707\" \/>\n\t<meta property=\"og:image:height\" content=\"2560\" \/>\n\t<meta property=\"og:image:type\" content=\"image\/webp\" \/>\n<meta name=\"twitter:card\" content=\"summary_large_image\" \/>\n<meta name=\"twitter:label1\" content=\"Gesch\u00e4tzte Lesezeit\" \/>\n\t<meta name=\"twitter:data1\" content=\"1\u00a0Minute\" \/>\n<script type=\"application\/ld+json\" class=\"yoast-schema-graph\">{\"@context\":\"https:\/\/schema.org\",\"@graph\":[{\"@type\":\"WebPage\",\"@id\":\"https:\/\/becdor.com\/produit\/en-closets\/\",\"url\":\"https:\/\/becdor.com\/produit\/en-closets\/\",\"name\":\"EN CLOSETS - Domaine Bec d&#039;Or\",\"isPartOf\":{\"@id\":\"https:\/\/becdor.com\/#website\"},\"primaryImageOfPage\":{\"@id\":\"https:\/\/becdor.com\/produit\/en-closets\/#primaryimage\"},\"image\":{\"@id\":\"https:\/\/becdor.com\/produit\/en-closets\/#primaryimage\"},\"thumbnailUrl\":\"https:\/\/becdor.com\/wp-content\/uploads\/2026\/03\/En-Closets_-Merlot-2024--scaled.webp\",\"datePublished\":\"2026-03-05T11:01:27+00:00\",\"dateModified\":\"2026-03-26T09:23:12+00:00\",\"breadcrumb\":{\"@id\":\"https:\/\/becdor.com\/produit\/en-closets\/#breadcrumb\"},\"inLanguage\":\"de\",\"potentialAction\":[{\"@type\":\"ReadAction\",\"target\":[\"https:\/\/becdor.com\/produit\/en-closets\/\"]}]},{\"@type\":\"ImageObject\",\"inLanguage\":\"de\",\"@id\":\"https:\/\/becdor.com\/produit\/en-closets\/#primaryimage\",\"url\":\"https:\/\/becdor.com\/wp-content\/uploads\/2026\/03\/En-Closets_-Merlot-2024--scaled.webp\",\"contentUrl\":\"https:\/\/becdor.com\/wp-content\/uploads\/2026\/03\/En-Closets_-Merlot-2024--scaled.webp\",\"width\":1707,\"height\":2560},{\"@type\":\"BreadcrumbList\",\"@id\":\"https:\/\/becdor.com\/produit\/en-closets\/#breadcrumb\",\"itemListElement\":[{\"@type\":\"ListItem\",\"position\":1,\"name\":\"Home\",\"item\":\"https:\/\/becdor.com\/\"},{\"@type\":\"ListItem\",\"position\":2,\"name\":\"Shop\",\"item\":\"https:\/\/becdor.com\/shop\/\"},{\"@type\":\"ListItem\",\"position\":3,\"name\":\"EN CLOSETS\"}]},{\"@type\":\"WebSite\",\"@id\":\"https:\/\/becdor.com\/#website\",\"url\":\"https:\/\/becdor.com\/\",\"name\":\"Domaine Bec d&#039;Or\",\"description\":\"\",\"potentialAction\":[{\"@type\":\"SearchAction\",\"target\":{\"@type\":\"EntryPoint\",\"urlTemplate\":\"https:\/\/becdor.com\/?s={search_term_string}\"},\"query-input\":{\"@type\":\"PropertyValueSpecification\",\"valueRequired\":true,\"valueName\":\"search_term_string\"}}],\"inLanguage\":\"de\"}]}<\/script>\n<!-- \/ Yoast SEO plugin. -->","yoast_head_json":{"title":"EN CLOSETS - Domaine Bec d&#039;Or","robots":{"index":"index","follow":"follow","max-snippet":"max-snippet:-1","max-image-preview":"max-image-preview:large","max-video-preview":"max-video-preview:-1"},"canonical":"https:\/\/becdor.com\/de\/produit\/en-closets\/","og_locale":"de_DE","og_type":"article","og_title":"EN CLOSETS - Domaine Bec d&#039;Or","og_description":"Number of bottles \u2013 1,200 bottles produced. Vine age \u2013 40 years. Yield \u2013 600 g\/m\u00b2. Vineyard parcels \u2013 Lieu-dit \u201cClosets\u201d, in Mont-sur-Rolle. Trained in Guyot. Harvest \u2013 Hand-harvested in small crates on September 23, 2024. Vinification \u2013 Separation of free-run and press juices, followed by ageing in stainless steel tanks for 18 months. Appearance [&hellip;]","og_url":"https:\/\/becdor.com\/de\/produit\/en-closets\/","og_site_name":"Domaine Bec d&#039;Or","article_modified_time":"2026-03-26T09:23:12+00:00","og_image":[{"width":1707,"height":2560,"url":"https:\/\/becdor.com\/wp-content\/uploads\/2026\/03\/En-Closets_-Merlot-2024--scaled.webp","type":"image\/webp"}],"twitter_card":"summary_large_image","twitter_misc":{"Gesch\u00e4tzte Lesezeit":"1\u00a0Minute"},"schema":{"@context":"https:\/\/schema.org","@graph":[{"@type":"WebPage","@id":"https:\/\/becdor.com\/produit\/en-closets\/","url":"https:\/\/becdor.com\/produit\/en-closets\/","name":"EN CLOSETS - Domaine Bec d&#039;Or","isPartOf":{"@id":"https:\/\/becdor.com\/#website"},"primaryImageOfPage":{"@id":"https:\/\/becdor.com\/produit\/en-closets\/#primaryimage"},"image":{"@id":"https:\/\/becdor.com\/produit\/en-closets\/#primaryimage"},"thumbnailUrl":"https:\/\/becdor.com\/wp-content\/uploads\/2026\/03\/En-Closets_-Merlot-2024--scaled.webp","datePublished":"2026-03-05T11:01:27+00:00","dateModified":"2026-03-26T09:23:12+00:00","breadcrumb":{"@id":"https:\/\/becdor.com\/produit\/en-closets\/#breadcrumb"},"inLanguage":"de","potentialAction":[{"@type":"ReadAction","target":["https:\/\/becdor.com\/produit\/en-closets\/"]}]},{"@type":"ImageObject","inLanguage":"de","@id":"https:\/\/becdor.com\/produit\/en-closets\/#primaryimage","url":"https:\/\/becdor.com\/wp-content\/uploads\/2026\/03\/En-Closets_-Merlot-2024--scaled.webp","contentUrl":"https:\/\/becdor.com\/wp-content\/uploads\/2026\/03\/En-Closets_-Merlot-2024--scaled.webp","width":1707,"height":2560},{"@type":"BreadcrumbList","@id":"https:\/\/becdor.com\/produit\/en-closets\/#breadcrumb","itemListElement":[{"@type":"ListItem","position":1,"name":"Home","item":"https:\/\/becdor.com\/"},{"@type":"ListItem","position":2,"name":"Shop","item":"https:\/\/becdor.com\/shop\/"},{"@type":"ListItem","position":3,"name":"EN CLOSETS"}]},{"@type":"WebSite","@id":"https:\/\/becdor.com\/#website","url":"https:\/\/becdor.com\/","name":"Dom\u00e4ne Bec d'Or","description":"","potentialAction":[{"@type":"SearchAction","target":{"@type":"EntryPoint","urlTemplate":"https:\/\/becdor.com\/?s={search_term_string}"},"query-input":{"@type":"PropertyValueSpecification","valueRequired":true,"valueName":"search_term_string"}}],"inLanguage":"de"}]}},"_links":{"self":[{"href":"https:\/\/becdor.com\/de\/wp-json\/wp\/v2\/product\/1191","targetHints":{"allow":["GET"]}}],"collection":[{"href":"https:\/\/becdor.com\/de\/wp-json\/wp\/v2\/product"}],"about":[{"href":"https:\/\/becdor.com\/de\/wp-json\/wp\/v2\/types\/product"}],"wp:featuredmedia":[{"embeddable":true,"href":"https:\/\/becdor.com\/de\/wp-json\/wp\/v2\/media\/1179"}],"wp:attachment":[{"href":"https:\/\/becdor.com\/de\/wp-json\/wp\/v2\/media?parent=1191"}],"wp:term":[{"taxonomy":"product_brand","embeddable":true,"href":"https:\/\/becdor.com\/de\/wp-json\/wp\/v2\/product_brand?post=1191"},{"taxonomy":"product_cat","embeddable":true,"href":"https:\/\/becdor.com\/de\/wp-json\/wp\/v2\/product_cat?post=1191"},{"taxonomy":"product_tag","embeddable":true,"href":"https:\/\/becdor.com\/de\/wp-json\/wp\/v2\/product_tag?post=1191"}],"curies":[{"name":"wp","href":"https:\/\/api.w.org\/{rel}","templated":true}]}}