{"id":1192,"date":"2025-09-04T12:29:07","date_gmt":"2025-09-04T10:29:07","guid":{"rendered":"https:\/\/becdor.com\/?post_type=product&#038;p=1192"},"modified":"2026-03-26T10:23:03","modified_gmt":"2026-03-26T09:23:03","slug":"en-epines","status":"publish","type":"product","link":"https:\/\/becdor.com\/de\/produit\/en-epines\/","title":{"rendered":"EN \u00e9pines"},"content":{"rendered":"<p><strong>Anzahl Flaschen<\/strong> - 600 geerntete Flaschen.<\/p>\n<p><strong>Alter der Reben<\/strong> - 7 Jahre.<\/p>\n<p><strong>Ertrag<\/strong> - 400 Gramm\/m\u00b2.<\/p>\n<p><strong>Parzelle<\/strong> - Lage \u201e\u00c9pines\u201c in Mont-sur-Rolle im Guyot-System erzogen<\/p>\n<p><strong>Lese<\/strong> - am 19. September 2024 in Kisten gelesen.<\/p>\n<p><strong>Vinifikation<\/strong> - Trennung von Vor- und Nachlauf, anschlie\u00dfend Ausbau in neuen und zweitbelegten F\u00e4ssern w\u00e4hrend 18 Monaten.<\/p>\n<p><strong>Farbe<\/strong> - Helles Goldgelb.<\/p>\n<p><strong>Bukett<\/strong> - In der Nase zeigen sich florale Noten, die Substanz wirkt sehr rein.<\/p>\n<p><strong>Gaumen<\/strong> - Am Gaumen zeigt der Wein eine sehr sch\u00f6ne Vinosit\u00e4t und vor allem eine hervorragende Frische. Ein harmonischer, delikater, feiner und langer Wein. Er wirkt saftig und vor allem sehr typisch f\u00fcr Chardonnay.<\/p>\n<p><strong>Lagerf\u00e4higkeit<\/strong> - 5 bis 20 Jahre.<\/p>\n<p><strong>Speiseempfehlungen<\/strong> - Gebratene Jakobsmuscheln, leichte Zitronen-Beurre-blanc und Lauch Gebratener Steinbutt, Gefl\u00fcgeljus und Sellerieemulsion.<\/p>","protected":false},"excerpt":{"rendered":"<p>Number of bottles \u2013 600 bottles produced. Vine age \u2013 7 years. Yield \u2013 400 g\/m\u00b2. Vineyard parcel \u2013 Lieu-dit \u201c\u00c9pines\u201d, in Mont-sur-Rolle trained in Guyot. Harvest \u2013 Hand-harvested in small crates on September 19, 2025. Vinification \u2013 Separation of free-run and press juices, followed by fermentation and ageing in new and second-fill oak barrels [&hellip;]<\/p>\n","protected":false},"featured_media":1181,"template":"","meta":{"_acf_changed":false},"product_brand":[],"product_cat":[24],"product_tag":[],"class_list":{"0":"post-1192","1":"product","2":"type-product","3":"status-publish","4":"has-post-thumbnail","6":"product_cat-white-wines","8":"first","9":"outofstock","10":"taxable","11":"shipping-taxable","12":"purchasable","13":"product-type-simple"},"acf":[],"yoast_head":"<!-- This site is optimized with the Yoast SEO plugin v27.0 - https:\/\/yoast.com\/product\/yoast-seo-wordpress\/ -->\n<title>EN \u00e9pines - Domaine Bec d&#039;Or<\/title>\n<meta name=\"robots\" content=\"index, follow, max-snippet:-1, max-image-preview:large, max-video-preview:-1\" \/>\n<link rel=\"canonical\" href=\"https:\/\/becdor.com\/de\/produit\/en-epines\/\" \/>\n<meta property=\"og:locale\" content=\"de_DE\" \/>\n<meta property=\"og:type\" content=\"article\" \/>\n<meta property=\"og:title\" content=\"EN \u00e9pines - Domaine Bec d&#039;Or\" \/>\n<meta property=\"og:description\" content=\"Number of bottles \u2013 600 bottles produced. Vine age \u2013 7 years. Yield \u2013 400 g\/m\u00b2. Vineyard parcel \u2013 Lieu-dit \u201c\u00c9pines\u201d, in Mont-sur-Rolle trained in Guyot. Harvest \u2013 Hand-harvested in small crates on September 19, 2025. Vinification \u2013 Separation of free-run and press juices, followed by fermentation and ageing in new and second-fill oak barrels [&hellip;]\" \/>\n<meta property=\"og:url\" content=\"https:\/\/becdor.com\/de\/produit\/en-epines\/\" \/>\n<meta property=\"og:site_name\" content=\"Domaine Bec d&#039;Or\" \/>\n<meta property=\"article:modified_time\" content=\"2026-03-26T09:23:03+00:00\" \/>\n<meta property=\"og:image\" content=\"https:\/\/becdor.com\/wp-content\/uploads\/2026\/03\/En-Epines_-Chardonnay-2024--scaled.webp\" \/>\n\t<meta property=\"og:image:width\" content=\"1707\" \/>\n\t<meta property=\"og:image:height\" content=\"2560\" \/>\n\t<meta property=\"og:image:type\" content=\"image\/webp\" \/>\n<meta name=\"twitter:card\" content=\"summary_large_image\" \/>\n<meta name=\"twitter:label1\" content=\"Gesch\u00e4tzte Lesezeit\" \/>\n\t<meta name=\"twitter:data1\" content=\"1\u00a0Minute\" \/>\n<script type=\"application\/ld+json\" class=\"yoast-schema-graph\">{\"@context\":\"https:\/\/schema.org\",\"@graph\":[{\"@type\":\"WebPage\",\"@id\":\"https:\/\/becdor.com\/produit\/en-epines\/\",\"url\":\"https:\/\/becdor.com\/produit\/en-epines\/\",\"name\":\"EN \u00e9pines - Domaine Bec d&#039;Or\",\"isPartOf\":{\"@id\":\"https:\/\/becdor.com\/#website\"},\"primaryImageOfPage\":{\"@id\":\"https:\/\/becdor.com\/produit\/en-epines\/#primaryimage\"},\"image\":{\"@id\":\"https:\/\/becdor.com\/produit\/en-epines\/#primaryimage\"},\"thumbnailUrl\":\"https:\/\/becdor.com\/wp-content\/uploads\/2026\/03\/En-Epines_-Chardonnay-2024--scaled.webp\",\"datePublished\":\"2025-09-04T10:29:07+00:00\",\"dateModified\":\"2026-03-26T09:23:03+00:00\",\"breadcrumb\":{\"@id\":\"https:\/\/becdor.com\/produit\/en-epines\/#breadcrumb\"},\"inLanguage\":\"de\",\"potentialAction\":[{\"@type\":\"ReadAction\",\"target\":[\"https:\/\/becdor.com\/produit\/en-epines\/\"]}]},{\"@type\":\"ImageObject\",\"inLanguage\":\"de\",\"@id\":\"https:\/\/becdor.com\/produit\/en-epines\/#primaryimage\",\"url\":\"https:\/\/becdor.com\/wp-content\/uploads\/2026\/03\/En-Epines_-Chardonnay-2024--scaled.webp\",\"contentUrl\":\"https:\/\/becdor.com\/wp-content\/uploads\/2026\/03\/En-Epines_-Chardonnay-2024--scaled.webp\",\"width\":1707,\"height\":2560},{\"@type\":\"BreadcrumbList\",\"@id\":\"https:\/\/becdor.com\/produit\/en-epines\/#breadcrumb\",\"itemListElement\":[{\"@type\":\"ListItem\",\"position\":1,\"name\":\"Home\",\"item\":\"https:\/\/becdor.com\/\"},{\"@type\":\"ListItem\",\"position\":2,\"name\":\"Shop\",\"item\":\"https:\/\/becdor.com\/shop\/\"},{\"@type\":\"ListItem\",\"position\":3,\"name\":\"EN \u00e9pines\"}]},{\"@type\":\"WebSite\",\"@id\":\"https:\/\/becdor.com\/#website\",\"url\":\"https:\/\/becdor.com\/\",\"name\":\"Domaine Bec d&#039;Or\",\"description\":\"\",\"potentialAction\":[{\"@type\":\"SearchAction\",\"target\":{\"@type\":\"EntryPoint\",\"urlTemplate\":\"https:\/\/becdor.com\/?s={search_term_string}\"},\"query-input\":{\"@type\":\"PropertyValueSpecification\",\"valueRequired\":true,\"valueName\":\"search_term_string\"}}],\"inLanguage\":\"de\"}]}<\/script>\n<!-- \/ Yoast SEO plugin. -->","yoast_head_json":{"title":"EN \u00e9pines - Domaine Bec d&#039;Or","robots":{"index":"index","follow":"follow","max-snippet":"max-snippet:-1","max-image-preview":"max-image-preview:large","max-video-preview":"max-video-preview:-1"},"canonical":"https:\/\/becdor.com\/de\/produit\/en-epines\/","og_locale":"de_DE","og_type":"article","og_title":"EN \u00e9pines - Domaine Bec d&#039;Or","og_description":"Number of bottles \u2013 600 bottles produced. Vine age \u2013 7 years. Yield \u2013 400 g\/m\u00b2. Vineyard parcel \u2013 Lieu-dit \u201c\u00c9pines\u201d, in Mont-sur-Rolle trained in Guyot. Harvest \u2013 Hand-harvested in small crates on September 19, 2025. Vinification \u2013 Separation of free-run and press juices, followed by fermentation and ageing in new and second-fill oak barrels [&hellip;]","og_url":"https:\/\/becdor.com\/de\/produit\/en-epines\/","og_site_name":"Domaine Bec d&#039;Or","article_modified_time":"2026-03-26T09:23:03+00:00","og_image":[{"width":1707,"height":2560,"url":"https:\/\/becdor.com\/wp-content\/uploads\/2026\/03\/En-Epines_-Chardonnay-2024--scaled.webp","type":"image\/webp"}],"twitter_card":"summary_large_image","twitter_misc":{"Gesch\u00e4tzte Lesezeit":"1\u00a0Minute"},"schema":{"@context":"https:\/\/schema.org","@graph":[{"@type":"WebPage","@id":"https:\/\/becdor.com\/produit\/en-epines\/","url":"https:\/\/becdor.com\/produit\/en-epines\/","name":"EN \u00e9pines - Domaine Bec d&#039;Or","isPartOf":{"@id":"https:\/\/becdor.com\/#website"},"primaryImageOfPage":{"@id":"https:\/\/becdor.com\/produit\/en-epines\/#primaryimage"},"image":{"@id":"https:\/\/becdor.com\/produit\/en-epines\/#primaryimage"},"thumbnailUrl":"https:\/\/becdor.com\/wp-content\/uploads\/2026\/03\/En-Epines_-Chardonnay-2024--scaled.webp","datePublished":"2025-09-04T10:29:07+00:00","dateModified":"2026-03-26T09:23:03+00:00","breadcrumb":{"@id":"https:\/\/becdor.com\/produit\/en-epines\/#breadcrumb"},"inLanguage":"de","potentialAction":[{"@type":"ReadAction","target":["https:\/\/becdor.com\/produit\/en-epines\/"]}]},{"@type":"ImageObject","inLanguage":"de","@id":"https:\/\/becdor.com\/produit\/en-epines\/#primaryimage","url":"https:\/\/becdor.com\/wp-content\/uploads\/2026\/03\/En-Epines_-Chardonnay-2024--scaled.webp","contentUrl":"https:\/\/becdor.com\/wp-content\/uploads\/2026\/03\/En-Epines_-Chardonnay-2024--scaled.webp","width":1707,"height":2560},{"@type":"BreadcrumbList","@id":"https:\/\/becdor.com\/produit\/en-epines\/#breadcrumb","itemListElement":[{"@type":"ListItem","position":1,"name":"Home","item":"https:\/\/becdor.com\/"},{"@type":"ListItem","position":2,"name":"Shop","item":"https:\/\/becdor.com\/shop\/"},{"@type":"ListItem","position":3,"name":"EN \u00e9pines"}]},{"@type":"WebSite","@id":"https:\/\/becdor.com\/#website","url":"https:\/\/becdor.com\/","name":"Dom\u00e4ne Bec d'Or","description":"","potentialAction":[{"@type":"SearchAction","target":{"@type":"EntryPoint","urlTemplate":"https:\/\/becdor.com\/?s={search_term_string}"},"query-input":{"@type":"PropertyValueSpecification","valueRequired":true,"valueName":"search_term_string"}}],"inLanguage":"de"}]}},"_links":{"self":[{"href":"https:\/\/becdor.com\/de\/wp-json\/wp\/v2\/product\/1192","targetHints":{"allow":["GET"]}}],"collection":[{"href":"https:\/\/becdor.com\/de\/wp-json\/wp\/v2\/product"}],"about":[{"href":"https:\/\/becdor.com\/de\/wp-json\/wp\/v2\/types\/product"}],"wp:featuredmedia":[{"embeddable":true,"href":"https:\/\/becdor.com\/de\/wp-json\/wp\/v2\/media\/1181"}],"wp:attachment":[{"href":"https:\/\/becdor.com\/de\/wp-json\/wp\/v2\/media?parent=1192"}],"wp:term":[{"taxonomy":"product_brand","embeddable":true,"href":"https:\/\/becdor.com\/de\/wp-json\/wp\/v2\/product_brand?post=1192"},{"taxonomy":"product_cat","embeddable":true,"href":"https:\/\/becdor.com\/de\/wp-json\/wp\/v2\/product_cat?post=1192"},{"taxonomy":"product_tag","embeddable":true,"href":"https:\/\/becdor.com\/de\/wp-json\/wp\/v2\/product_tag?post=1192"}],"curies":[{"name":"wp","href":"https:\/\/api.w.org\/{rel}","templated":true}]}}