{"id":208,"date":"2024-03-22T16:49:14","date_gmt":"2024-03-22T15:49:14","guid":{"rendered":"https:\/\/becdor.com\/mon-compte\/"},"modified":"2024-04-17T15:56:34","modified_gmt":"2024-04-17T13:56:34","slug":"mon-compte","status":"publish","type":"page","link":"https:\/\/becdor.com\/fr\/mon-compte\/","title":{"rendered":"Mon compte"},"content":{"rendered":"<div data-elementor-type=\"wp-page\" data-elementor-id=\"208\" class=\"elementor elementor-208\" data-elementor-post-type=\"page\">\n\t\t\t\t<div class=\"elementor-element elementor-element-45dba798 e-flex e-con-boxed e-con e-parent\" data-id=\"45dba798\" data-element_type=\"container\" data-e-type=\"container\">\n\t\t\t\t\t<div class=\"e-con-inner\">\n\t\t\t\t<div class=\"elementor-element elementor-element-0d04e88 e-my-account-tabs-horizontal elementor-widget__width-initial elementor-widget-tablet_extra__width-inherit elementor-widget elementor-widget-woocommerce-my-account\" data-id=\"0d04e88\" data-element_type=\"widget\" data-e-type=\"widget\" data-widget_type=\"woocommerce-my-account.default\">\n\t\t\t\t<div class=\"elementor-widget-container\">\n\t\t\t\t\t<div class=\"e-my-account-tab e-my-account-tab__\">\t\t\t<div class=\"woocommerce\"><\/div>\t\t<\/div>\n\t\t\t\t\t\t<\/div>\n\t\t\t\t<\/div>\n\t\t\t\t\t<\/div>\n\t\t\t\t<\/div>\n\t\t\t\t<\/div>","protected":false},"excerpt":{"rendered":"<p>Tableau de bord Commandes T\u00e9l\u00e9chargements Adresses D\u00e9tails du compte D\u00e9connexion Tableau de bord Commandes T\u00e9l\u00e9chargements Adresses D\u00e9tails du compte D\u00e9connexion Bonjour bec_dor_admin (vous n'\u00eates pas bec_dor_admin ? D\u00e9connectez-vous) Depuis le tableau de bord de votre compte, vous pouvez consulter vos commandes r\u00e9centes, g\u00e9rer vos adresses de livraison et de facturation, et modifier votre mot de passe et les d\u00e9tails de votre compte.<\/p>","protected":false},"author":2,"featured_media":0,"parent":0,"menu_order":0,"comment_status":"closed","ping_status":"closed","template":"","meta":{"_acf_changed":false,"footnotes":""},"class_list":["post-208","page","type-page","status-publish","hentry"],"acf":[],"yoast_head":"<!-- This site is optimized with the Yoast SEO plugin v27.0 - https:\/\/yoast.com\/product\/yoast-seo-wordpress\/ -->\n<title>Mon compte - Domaine Bec d&#039;Or<\/title>\n<meta name=\"robots\" content=\"index, follow, max-snippet:-1, max-image-preview:large, max-video-preview:-1\" \/>\n<link rel=\"canonical\" href=\"https:\/\/becdor.com\/fr\/mon-compte\/\" \/>\n<meta property=\"og:locale\" content=\"fr_FR\" \/>\n<meta property=\"og:type\" content=\"article\" \/>\n<meta property=\"og:title\" content=\"Mon compte - Domaine Bec d&#039;Or\" \/>\n<meta property=\"og:description\" content=\"Dashboard Orders Downloads Addresses Account Details Logout Dashboard Orders Downloads Addresses Account Details Logout Hello bec_dor_admin (not bec_dor_admin? Log out) From your account dashboard you can view your recent orders, manage your shipping and billing addresses, and edit your password and account details.\" \/>\n<meta property=\"og:url\" content=\"https:\/\/becdor.com\/fr\/mon-compte\/\" \/>\n<meta property=\"og:site_name\" content=\"Domaine Bec d&#039;Or\" \/>\n<meta property=\"article:modified_time\" content=\"2024-04-17T13:56:34+00:00\" \/>\n<meta name=\"twitter:card\" content=\"summary_large_image\" \/>\n<script type=\"application\/ld+json\" class=\"yoast-schema-graph\">{\"@context\":\"https:\/\/schema.org\",\"@graph\":[{\"@type\":\"WebPage\",\"@id\":\"https:\/\/becdor.com\/mon-compte\/\",\"url\":\"https:\/\/becdor.com\/mon-compte\/\",\"name\":\"Mon compte - Domaine Bec d&#039;Or\",\"isPartOf\":{\"@id\":\"https:\/\/becdor.com\/#website\"},\"datePublished\":\"2024-03-22T15:49:14+00:00\",\"dateModified\":\"2024-04-17T13:56:34+00:00\",\"breadcrumb\":{\"@id\":\"https:\/\/becdor.com\/mon-compte\/#breadcrumb\"},\"inLanguage\":\"fr-FR\",\"potentialAction\":[{\"@type\":\"ReadAction\",\"target\":[\"https:\/\/becdor.com\/mon-compte\/\"]}]},{\"@type\":\"BreadcrumbList\",\"@id\":\"https:\/\/becdor.com\/mon-compte\/#breadcrumb\",\"itemListElement\":[{\"@type\":\"ListItem\",\"position\":1,\"name\":\"Home\",\"item\":\"https:\/\/becdor.com\/\"},{\"@type\":\"ListItem\",\"position\":2,\"name\":\"Mon compte\"}]},{\"@type\":\"WebSite\",\"@id\":\"https:\/\/becdor.com\/#website\",\"url\":\"https:\/\/becdor.com\/\",\"name\":\"Domaine Bec d&#039;Or\",\"description\":\"\",\"potentialAction\":[{\"@type\":\"SearchAction\",\"target\":{\"@type\":\"EntryPoint\",\"urlTemplate\":\"https:\/\/becdor.com\/?s={search_term_string}\"},\"query-input\":{\"@type\":\"PropertyValueSpecification\",\"valueRequired\":true,\"valueName\":\"search_term_string\"}}],\"inLanguage\":\"fr-FR\"}]}<\/script>\n<!-- \/ Yoast SEO plugin. -->","yoast_head_json":{"title":"Mon compte - Domaine Bec d&#039;Or","robots":{"index":"index","follow":"follow","max-snippet":"max-snippet:-1","max-image-preview":"max-image-preview:large","max-video-preview":"max-video-preview:-1"},"canonical":"https:\/\/becdor.com\/fr\/mon-compte\/","og_locale":"fr_FR","og_type":"article","og_title":"Mon compte - Domaine Bec d&#039;Or","og_description":"Dashboard Orders Downloads Addresses Account Details Logout Dashboard Orders Downloads Addresses Account Details Logout Hello bec_dor_admin (not bec_dor_admin? Log out) From your account dashboard you can view your recent orders, manage your shipping and billing addresses, and edit your password and account details.","og_url":"https:\/\/becdor.com\/fr\/mon-compte\/","og_site_name":"Domaine Bec d&#039;Or","article_modified_time":"2024-04-17T13:56:34+00:00","twitter_card":"summary_large_image","schema":{"@context":"https:\/\/schema.org","@graph":[{"@type":"WebPage","@id":"https:\/\/becdor.com\/mon-compte\/","url":"https:\/\/becdor.com\/mon-compte\/","name":"Mon compte - Domaine Bec d&#039;Or","isPartOf":{"@id":"https:\/\/becdor.com\/#website"},"datePublished":"2024-03-22T15:49:14+00:00","dateModified":"2024-04-17T13:56:34+00:00","breadcrumb":{"@id":"https:\/\/becdor.com\/mon-compte\/#breadcrumb"},"inLanguage":"fr-FR","potentialAction":[{"@type":"ReadAction","target":["https:\/\/becdor.com\/mon-compte\/"]}]},{"@type":"BreadcrumbList","@id":"https:\/\/becdor.com\/mon-compte\/#breadcrumb","itemListElement":[{"@type":"ListItem","position":1,"name":"Home","item":"https:\/\/becdor.com\/"},{"@type":"ListItem","position":2,"name":"Mon compte"}]},{"@type":"WebSite","@id":"https:\/\/becdor.com\/#website","url":"https:\/\/becdor.com\/","name":"Domaine Bec d'Or","description":"","potentialAction":[{"@type":"SearchAction","target":{"@type":"EntryPoint","urlTemplate":"https:\/\/becdor.com\/?s={search_term_string}"},"query-input":{"@type":"PropertyValueSpecification","valueRequired":true,"valueName":"search_term_string"}}],"inLanguage":"fr-FR"}]}},"_links":{"self":[{"href":"https:\/\/becdor.com\/fr\/wp-json\/wp\/v2\/pages\/208","targetHints":{"allow":["GET"]}}],"collection":[{"href":"https:\/\/becdor.com\/fr\/wp-json\/wp\/v2\/pages"}],"about":[{"href":"https:\/\/becdor.com\/fr\/wp-json\/wp\/v2\/types\/page"}],"author":[{"embeddable":true,"href":"https:\/\/becdor.com\/fr\/wp-json\/wp\/v2\/users\/2"}],"replies":[{"embeddable":true,"href":"https:\/\/becdor.com\/fr\/wp-json\/wp\/v2\/comments?post=208"}],"version-history":[{"count":78,"href":"https:\/\/becdor.com\/fr\/wp-json\/wp\/v2\/pages\/208\/revisions"}],"predecessor-version":[{"id":857,"href":"https:\/\/becdor.com\/fr\/wp-json\/wp\/v2\/pages\/208\/revisions\/857"}],"wp:attachment":[{"href":"https:\/\/becdor.com\/fr\/wp-json\/wp\/v2\/media?parent=208"}],"curies":[{"name":"wp","href":"https:\/\/api.w.org\/{rel}","templated":true}]}}