{"id":895,"date":"2024-05-06T07:10:59","date_gmt":"2024-05-06T05:10:59","guid":{"rendered":"https:\/\/becdor.com\/?page_id=895"},"modified":"2024-06-14T09:52:21","modified_gmt":"2024-06-14T07:52:21","slug":"cgv-cgu","status":"publish","type":"page","link":"https:\/\/becdor.com\/fr\/cgv-cgu\/","title":{"rendered":"CGV \/ CGU"},"content":{"rendered":"<div data-elementor-type=\"wp-page\" data-elementor-id=\"895\" class=\"elementor elementor-895\" data-elementor-post-type=\"page\">\n\t\t\t\t<div class=\"elementor-element elementor-element-d0d18d9 e-con-full e-flex e-con e-parent\" data-id=\"d0d18d9\" data-element_type=\"container\" data-e-type=\"container\">\n\t\t\t\t<div class=\"elementor-element elementor-element-a770c3e elementor-widget__width-inherit elementor-widget elementor-widget-heading\" data-id=\"a770c3e\" data-element_type=\"widget\" data-e-type=\"widget\" data-widget_type=\"heading.default\">\n\t\t\t\t<div class=\"elementor-widget-container\">\n\t\t\t\t\t<h2 class=\"elementor-heading-title elementor-size-default\">CGV \/ CGU<\/h2>\t\t\t\t<\/div>\n\t\t\t\t<\/div>\n\t\t\t\t<\/div>\n\t\t<div class=\"elementor-element elementor-element-3aed1b8 e-flex e-con-boxed e-con e-parent\" data-id=\"3aed1b8\" data-element_type=\"container\" data-e-type=\"container\">\n\t\t\t\t\t<div class=\"e-con-inner\">\n\t\t\t\t<div class=\"elementor-element elementor-element-15e3dc6 elementor-widget elementor-widget-text-editor\" data-id=\"15e3dc6\" data-element_type=\"widget\" data-e-type=\"widget\" data-widget_type=\"text-editor.default\">\n\t\t\t\t<div class=\"elementor-widget-container\">\n\t\t\t\t\t\t\t\t\t<p><\/p>\n<p><strong>Conditions d'utilisation<\/strong><\/p>\n<ul>\n<li>Utilisation du site<\/li>\n<li>Statistiques sur les visiteurs et l'utilisation des cookies<\/li>\n<li>S\u00e9curit\u00e9 des donn\u00e9es<\/li>\n<li>Protection des donn\u00e9es personnelles<\/li>\n<li>Conditions de vente<\/li>\n<\/ul>\n<p>\u00a0<\/p>\n<p><strong>Utilisation du site<\/strong><\/p>\n<p>Toute utilisation de ce site et des services qu'il propose (tels que lettres d'information, photos, commandes en ligne, etc.) est soumise \u00e0 l'acceptation pr\u00e9alable par l'utilisateur des pr\u00e9sentes conditions g\u00e9n\u00e9rales.<\/p>\n<p>Tous les \u00e9l\u00e9ments de ce site sont prot\u00e9g\u00e9s par la l\u00e9gislation sur la propri\u00e9t\u00e9 intellectuelle et en particulier par celle relative aux droits d'auteur.<\/p>\n<p>Aucune partie de ce site, qu'elle soit graphique, iconographique, textuelle, vid\u00e9ographique ou sonore, ne peut \u00eatre copi\u00e9e, republi\u00e9e, stock\u00e9e dans un syst\u00e8me de r\u00e9cup\u00e9ration et d'extraction de donn\u00e9es ou reproduite, sous quelque forme ou par quelque moyen que ce soit, sans l'autorisation expresse du Domaine Bec d'Or.<\/p>\n<p>Le Domaine Bec d'Or s'efforce de fournir sur son site des informations exactes et \u00e0 jour. Toutefois, il ne peut garantir l'exactitude, la fiabilit\u00e9 et l'exhaustivit\u00e9 des informations qui y sont contenues ou auxquelles il est fait r\u00e9f\u00e9rence.<\/p>\n<p>En outre, des d\u00e9faillances du syst\u00e8me telles que des interruptions, des attaques de virus ou des pertes de donn\u00e9es ne peuvent \u00eatre exclues.<\/p>\n<p>Enfin, la Ville de Lausanne se r\u00e9serve le droit de compl\u00e9ter, modifier ou supprimer son site Internet ainsi que les informations qui y sont publi\u00e9es en tout temps et sans pr\u00e9avis.<\/p>\n<p>\u00a0<\/p>\n<p><strong>Statistiques de fr\u00e9quentation et utilisation de cookies<\/strong><\/p>\n<p>L'acc\u00e8s aux pages de ce site web est enregistr\u00e9 \u00e0 des fins statistiques, ce qui permet d'obtenir un retour d'information sur le comportement des utilisateurs des sites. Ces statistiques sont collect\u00e9es de mani\u00e8re totalement anonyme.<\/p>\n<p>Ce site utilise Google Analytics pour analyser l'audience du site, un service d'analyse de site internet fourni gratuitement par Google Inc. (\"Google\"). Google Analytics utilise des cookies, qui sont des fichiers texte plac\u00e9s sur l'ordinateur, pour aider le site \u00e0 analyser l'utilisation du site par ses utilisateurs. Les donn\u00e9es g\u00e9n\u00e9r\u00e9es par les cookies concernent l'utilisation du site telles que l'origine g\u00e9ographique, la date de visite, la dur\u00e9e de la visite, les pages consult\u00e9es et l'ordre des pages. Ces informations sont utilis\u00e9es dans le but d'\u00e9valuer l'utilisation du site, d'\u00e9tablir des rapports sur l'activit\u00e9 du site \u00e0 destination de son \u00e9diteur et de fournir d'autres services relatifs \u00e0 l'activit\u00e9 du site et \u00e0 l'utilisation d'Internet.<\/p>\n<p>Outre ces aspects, ce site web utilise \u00e9galement des cookies pour faciliter l'utilisation de ses offres en ligne ainsi que pour optimiser et am\u00e9liorer en permanence l'exp\u00e9rience de l'utilisateur.<\/p>\n<p>L'utilisation de cookies peut \u00eatre d\u00e9sactiv\u00e9e \u00e0 tout moment en s\u00e9lectionnant les param\u00e8tres appropri\u00e9s du navigateur. Toutefois, une telle d\u00e9sactivation peut emp\u00eacher l'utilisation de certaines fonctionnalit\u00e9s de ce site.<\/p>\n<p>Si vous visitez notre page de connexion, nous installerons un cookie temporaire pour d\u00e9terminer si votre navigateur accepte les cookies. Ce cookie ne contient aucune donn\u00e9e personnelle et est supprim\u00e9 lorsque vous fermez votre navigateur.<\/p>\n<p>Lorsque vous vous connectez, nous installons \u00e9galement plusieurs cookies pour enregistrer vos informations de connexion et vos choix d'affichage \u00e0 l'\u00e9cran. Les cookies de connexion ont une dur\u00e9e de vie de deux jours et les cookies d'options d'\u00e9cran ont une dur\u00e9e de vie d'un an. Si vous s\u00e9lectionnez l'option \"Se souvenir de moi\", votre connexion sera conserv\u00e9e pendant deux semaines. Si vous vous d\u00e9connectez de votre compte, les cookies de connexion seront supprim\u00e9s.<\/p>\n<p>\u00a0<\/p>\n<p><strong>S\u00e9curit\u00e9 des donn\u00e9es<\/strong><\/p>\n<p>Le Domaine Bec d'Or a pris les mesures organisationnelles et techniques appropri\u00e9es pour emp\u00eacher toute manipulation accidentelle ou intentionnelle de ce site web, ainsi que toute perte, destruction de donn\u00e9es ou acc\u00e8s non autoris\u00e9 lors de son utilisation.<\/p>\n<p>\u00a0<\/p>\n<p><strong>Protection des donn\u00e9es personnelles<\/strong><\/p>\n<p>Nous collectons des donn\u00e9es personnelles en relation avec ce site web de la mani\u00e8re suivante :<\/p>\n<ul>\n<li>Les informations que vous nous communiquez volontairement, notamment par le biais de formulaires, pour acc\u00e9der aux services du site (commandes, newsletter, etc.) telles que vos nom, pr\u00e9nom, email, adresse, donn\u00e9es de paiement, etc.<\/li>\n<li>Informations collect\u00e9es automatiquement lors de la consultation du site. Elles sont principalement de nature technique (par exemple, le navigateur Internet, le syst\u00e8me d'exploitation ou l'heure d'acc\u00e8s \u00e0 la page). Voir \u00e9galement la section \"statistiques de visite et utilisation des cookies\" ci-dessus.<\/li>\n<li>Si vous demandez une r\u00e9initialisation de votre mot de passe, votre adresse IP sera incluse dans l'e-mail de r\u00e9initialisation.<\/li>\n<\/ul>\n<p>Ces informations sont trait\u00e9es uniquement dans le but de fournir les services auxquels vous avez souscrit et de g\u00e9rer ce site de mani\u00e8re ad\u00e9quate. Seules les donn\u00e9es strictement n\u00e9cessaires sont trait\u00e9es \u00e0 cet \u00e9gard. Elles peuvent, le cas \u00e9ch\u00e9ant, \u00eatre communiqu\u00e9es \u00e0 des prestataires de services impliqu\u00e9s dans l'ex\u00e9cution de ses services ou qui nous aident \u00e0 g\u00e9rer le site. Les donn\u00e9es ainsi transmises ne peuvent \u00eatre utilis\u00e9es que pour effectuer les op\u00e9rations qui leur sont confi\u00e9es. Aucune autre utilisation n'est autoris\u00e9e.<\/p>\n<p>Conform\u00e9ment \u00e0 la l\u00e9gislation sur la protection des donn\u00e9es, vous avez le droit d'\u00eatre inform\u00e9 gratuitement des donn\u00e9es personnelles trait\u00e9es \u00e0 votre sujet et, si elles sont inexactes ou incompl\u00e8tes, le droit de les rectifier ou de les supprimer. La plupart de ces op\u00e9rations peuvent \u00eatre effectu\u00e9es directement en vous connectant \u00e0 votre compte et en s\u00e9lectionnant les param\u00e8tres d\u00e9di\u00e9s \u00e0 cet effet. Vous pouvez \u00e9galement nous contacter \u00e0 l'adresse indiqu\u00e9e ci-dessous.<\/p>\n<p>Toutefois, nous nous r\u00e9servons le droit de rejeter les demandes qui sont d\u00e9raisonnablement r\u00e9p\u00e9titives, qui n\u00e9cessitent un effort technique disproportionn\u00e9 ou qui sont tout simplement irr\u00e9alisables.<\/p>\n<p>\u00a0<\/p>\n<p><strong>Conditions de vente<\/strong><\/p>\n<ul>\n<li>Le prix final de la commande s'entend TVA incluse.<\/li>\n<li>Les frais d'exp\u00e9dition seront indiqu\u00e9s dans le panier d'achat et varieront en fonction de la commande et du montant de l'achat. La livraison est gratuite en Suisse pour les commandes sup\u00e9rieures \u00e0 300 CHF par panier. Les frais de livraison internationaux et les taxes seront appliqu\u00e9s en fonction des r\u00e9glementations de chaque pays.<\/li>\n<li>Les commandes sont garanties jusqu'\u00e0 \u00e9puisement des stocks.<\/li>\n<li>Un seul code promotionnel ou bon d'achat peut \u00eatre utilis\u00e9 par commande.<\/li>\n<\/ul>\t\t\t\t\t\t\t\t<\/div>\n\t\t\t\t<\/div>\n\t\t\t\t\t<\/div>\n\t\t\t\t<\/div>\n\t\t\t\t<\/div>","protected":false},"excerpt":{"rendered":"<p>CGV \/ CGU Terms of Service Use of the site Visitor and cookie usage statistics Data security Protection of personal data Terms of Sales \u00a0 Use of the site Any use of this website and the services offered by it (such as newsletters, pictures, online ordering, etc.) is subject to the prior acceptance by the [&hellip;]<\/p>\n","protected":false},"author":2,"featured_media":0,"parent":0,"menu_order":0,"comment_status":"closed","ping_status":"closed","template":"","meta":{"_acf_changed":false,"footnotes":""},"class_list":["post-895","page","type-page","status-publish","hentry"],"acf":[],"yoast_head":"<!-- This site is optimized with the Yoast SEO plugin v27.0 - https:\/\/yoast.com\/product\/yoast-seo-wordpress\/ -->\n<title>CGV \/ CGU - Domaine Bec d&#039;Or<\/title>\n<meta name=\"robots\" content=\"index, follow, max-snippet:-1, max-image-preview:large, max-video-preview:-1\" \/>\n<link rel=\"canonical\" href=\"https:\/\/becdor.com\/fr\/cgv-cgu\/\" \/>\n<meta property=\"og:locale\" content=\"fr_FR\" \/>\n<meta property=\"og:type\" content=\"article\" \/>\n<meta property=\"og:title\" content=\"CGV \/ CGU - Domaine Bec d&#039;Or\" \/>\n<meta property=\"og:description\" content=\"CGV \/ CGU Terms of Service Use of the site Visitor and cookie usage statistics Data security Protection of personal data Terms of Sales \u00a0 Use of the site Any use of this website and the services offered by it (such as newsletters, pictures, online ordering, etc.) is subject to the prior acceptance by the [&hellip;]\" \/>\n<meta property=\"og:url\" content=\"https:\/\/becdor.com\/fr\/cgv-cgu\/\" \/>\n<meta property=\"og:site_name\" content=\"Domaine Bec d&#039;Or\" \/>\n<meta property=\"article:modified_time\" content=\"2024-06-14T07:52:21+00:00\" \/>\n<meta name=\"twitter:card\" content=\"summary_large_image\" \/>\n<meta name=\"twitter:label1\" content=\"Dur\u00e9e de lecture estim\u00e9e\" \/>\n\t<meta name=\"twitter:data1\" content=\"4 minutes\" \/>\n<script type=\"application\/ld+json\" class=\"yoast-schema-graph\">{\"@context\":\"https:\/\/schema.org\",\"@graph\":[{\"@type\":\"WebPage\",\"@id\":\"https:\/\/becdor.com\/cgv-cgu\/\",\"url\":\"https:\/\/becdor.com\/cgv-cgu\/\",\"name\":\"CGV \/ CGU - Domaine Bec d&#039;Or\",\"isPartOf\":{\"@id\":\"https:\/\/becdor.com\/#website\"},\"datePublished\":\"2024-05-06T05:10:59+00:00\",\"dateModified\":\"2024-06-14T07:52:21+00:00\",\"breadcrumb\":{\"@id\":\"https:\/\/becdor.com\/cgv-cgu\/#breadcrumb\"},\"inLanguage\":\"fr-FR\",\"potentialAction\":[{\"@type\":\"ReadAction\",\"target\":[\"https:\/\/becdor.com\/cgv-cgu\/\"]}]},{\"@type\":\"BreadcrumbList\",\"@id\":\"https:\/\/becdor.com\/cgv-cgu\/#breadcrumb\",\"itemListElement\":[{\"@type\":\"ListItem\",\"position\":1,\"name\":\"Home\",\"item\":\"https:\/\/becdor.com\/\"},{\"@type\":\"ListItem\",\"position\":2,\"name\":\"CGV \/ CGU\"}]},{\"@type\":\"WebSite\",\"@id\":\"https:\/\/becdor.com\/#website\",\"url\":\"https:\/\/becdor.com\/\",\"name\":\"Domaine Bec d&#039;Or\",\"description\":\"\",\"potentialAction\":[{\"@type\":\"SearchAction\",\"target\":{\"@type\":\"EntryPoint\",\"urlTemplate\":\"https:\/\/becdor.com\/?s={search_term_string}\"},\"query-input\":{\"@type\":\"PropertyValueSpecification\",\"valueRequired\":true,\"valueName\":\"search_term_string\"}}],\"inLanguage\":\"fr-FR\"}]}<\/script>\n<!-- \/ Yoast SEO plugin. -->","yoast_head_json":{"title":"CGV \/ CGU - Domaine Bec d&#039;Or","robots":{"index":"index","follow":"follow","max-snippet":"max-snippet:-1","max-image-preview":"max-image-preview:large","max-video-preview":"max-video-preview:-1"},"canonical":"https:\/\/becdor.com\/fr\/cgv-cgu\/","og_locale":"fr_FR","og_type":"article","og_title":"CGV \/ CGU - Domaine Bec d&#039;Or","og_description":"CGV \/ CGU Terms of Service Use of the site Visitor and cookie usage statistics Data security Protection of personal data Terms of Sales \u00a0 Use of the site Any use of this website and the services offered by it (such as newsletters, pictures, online ordering, etc.) is subject to the prior acceptance by the [&hellip;]","og_url":"https:\/\/becdor.com\/fr\/cgv-cgu\/","og_site_name":"Domaine Bec d&#039;Or","article_modified_time":"2024-06-14T07:52:21+00:00","twitter_card":"summary_large_image","twitter_misc":{"Dur\u00e9e de lecture estim\u00e9e":"4 minutes"},"schema":{"@context":"https:\/\/schema.org","@graph":[{"@type":"WebPage","@id":"https:\/\/becdor.com\/cgv-cgu\/","url":"https:\/\/becdor.com\/cgv-cgu\/","name":"CGV \/ CGU - Domaine Bec d&#039;Or","isPartOf":{"@id":"https:\/\/becdor.com\/#website"},"datePublished":"2024-05-06T05:10:59+00:00","dateModified":"2024-06-14T07:52:21+00:00","breadcrumb":{"@id":"https:\/\/becdor.com\/cgv-cgu\/#breadcrumb"},"inLanguage":"fr-FR","potentialAction":[{"@type":"ReadAction","target":["https:\/\/becdor.com\/cgv-cgu\/"]}]},{"@type":"BreadcrumbList","@id":"https:\/\/becdor.com\/cgv-cgu\/#breadcrumb","itemListElement":[{"@type":"ListItem","position":1,"name":"Home","item":"https:\/\/becdor.com\/"},{"@type":"ListItem","position":2,"name":"CGV \/ CGU"}]},{"@type":"WebSite","@id":"https:\/\/becdor.com\/#website","url":"https:\/\/becdor.com\/","name":"Domaine Bec d'Or","description":"","potentialAction":[{"@type":"SearchAction","target":{"@type":"EntryPoint","urlTemplate":"https:\/\/becdor.com\/?s={search_term_string}"},"query-input":{"@type":"PropertyValueSpecification","valueRequired":true,"valueName":"search_term_string"}}],"inLanguage":"fr-FR"}]}},"_links":{"self":[{"href":"https:\/\/becdor.com\/fr\/wp-json\/wp\/v2\/pages\/895","targetHints":{"allow":["GET"]}}],"collection":[{"href":"https:\/\/becdor.com\/fr\/wp-json\/wp\/v2\/pages"}],"about":[{"href":"https:\/\/becdor.com\/fr\/wp-json\/wp\/v2\/types\/page"}],"author":[{"embeddable":true,"href":"https:\/\/becdor.com\/fr\/wp-json\/wp\/v2\/users\/2"}],"replies":[{"embeddable":true,"href":"https:\/\/becdor.com\/fr\/wp-json\/wp\/v2\/comments?post=895"}],"version-history":[{"count":16,"href":"https:\/\/becdor.com\/fr\/wp-json\/wp\/v2\/pages\/895\/revisions"}],"predecessor-version":[{"id":970,"href":"https:\/\/becdor.com\/fr\/wp-json\/wp\/v2\/pages\/895\/revisions\/970"}],"wp:attachment":[{"href":"https:\/\/becdor.com\/fr\/wp-json\/wp\/v2\/media?parent=895"}],"curies":[{"name":"wp","href":"https:\/\/api.w.org\/{rel}","templated":true}]}}