{"id":1191,"date":"2026-03-05T12:01:27","date_gmt":"2026-03-05T11:01:27","guid":{"rendered":"https:\/\/becdor.com\/?post_type=product&#038;p=1191"},"modified":"2026-03-26T10:23:12","modified_gmt":"2026-03-26T09:23:12","slug":"en-closets","status":"publish","type":"product","link":"https:\/\/becdor.com\/fr\/produit\/en-closets\/","title":{"rendered":"EN CLOSETS"},"content":{"rendered":"<p><strong>Nombre de bouteilles<\/strong> - 1\u2018200 bouteilles r\u00e9colt\u00e9es.<\/p>\n<p><strong>\u00c2ge des vignes<\/strong> - 40 ans.<\/p>\n<p><strong>Rendement<\/strong> - 600 grammes m2.<\/p>\n<p><strong>Parcelles<\/strong> - Lieu dit \u201eClosets\u201c \u00e0 Mont-sur-Rolle\nVigne cultiv\u00e9e en guyot.<\/p>\n<p><strong>Vendanges<\/strong> - cueilli en caissettes le 23 septembre 2024.<\/p>\n<p><strong>Vinification<\/strong> - S\u00e9paration des premiers et derniers jus puis \u00e9levage en cuve inox pendant 18 mois.<\/p>\n<p><strong>Robe<\/strong> - Rouge rubis intense.<\/p>\n<p><strong>Nez<\/strong> - Notes de fruits rouges bien m\u00fbrs (framboise et groseille). Un Merlot qui \u00ab pinote \u00bb.<\/p>\n<p><strong>Bouche<\/strong> - la mati\u00e8re est belle et \u00e9quilibr\u00e9e. Les tanins sont fins, croquants, et bien int\u00e9gr\u00e9e \u00e0 la mati\u00e8re. Tr\u00e8s jolie longueur finale pour ce vin ou la d\u00e9licatesse et la finesse lui offre un caract\u00e8re gourmand et croquant.<\/p>\n<p><strong>Garde<\/strong> - 5 \u00e0 10 ans.<\/p>\n<p><strong>Accord mets-vin<\/strong> - Magret de canard r\u00f4ti, jus court aux framboises et pommes de terre grenaille\nburger de b\u0153uf matur\u00e9 avec oignons confits.<\/p>","protected":false},"excerpt":{"rendered":"<p>Number of bottles \u2013 1,200 bottles produced. Vine age \u2013 40 years. Yield \u2013 600 g\/m\u00b2. Vineyard parcels \u2013 Lieu-dit \u201cClosets\u201d, in Mont-sur-Rolle. Trained in Guyot. Harvest \u2013 Hand-harvested in small crates on September 23, 2024. Vinification \u2013 Separation of free-run and press juices, followed by ageing in stainless steel tanks for 18 months. Appearance [&hellip;]<\/p>\n","protected":false},"featured_media":1179,"template":"","meta":{"_acf_changed":false},"product_brand":[],"product_cat":[23],"product_tag":[],"class_list":{"0":"post-1191","1":"product","2":"type-product","3":"status-publish","4":"has-post-thumbnail","6":"product_cat-red-wines","8":"first","9":"outofstock","10":"taxable","11":"shipping-taxable","12":"purchasable","13":"product-type-simple"},"acf":[],"yoast_head":"<!-- This site is optimized with the Yoast SEO plugin v27.0 - https:\/\/yoast.com\/product\/yoast-seo-wordpress\/ -->\n<title>EN CLOSETS - Domaine Bec d&#039;Or<\/title>\n<meta name=\"robots\" content=\"index, follow, max-snippet:-1, max-image-preview:large, max-video-preview:-1\" \/>\n<link rel=\"canonical\" href=\"https:\/\/becdor.com\/fr\/produit\/en-closets\/\" \/>\n<meta property=\"og:locale\" content=\"fr_FR\" \/>\n<meta property=\"og:type\" content=\"article\" \/>\n<meta property=\"og:title\" content=\"EN CLOSETS - Domaine Bec d&#039;Or\" \/>\n<meta property=\"og:description\" content=\"Number of bottles \u2013 1,200 bottles produced. Vine age \u2013 40 years. Yield \u2013 600 g\/m\u00b2. Vineyard parcels \u2013 Lieu-dit \u201cClosets\u201d, in Mont-sur-Rolle. Trained in Guyot. Harvest \u2013 Hand-harvested in small crates on September 23, 2024. Vinification \u2013 Separation of free-run and press juices, followed by ageing in stainless steel tanks for 18 months. Appearance [&hellip;]\" \/>\n<meta property=\"og:url\" content=\"https:\/\/becdor.com\/fr\/produit\/en-closets\/\" \/>\n<meta property=\"og:site_name\" content=\"Domaine Bec d&#039;Or\" \/>\n<meta property=\"article:modified_time\" content=\"2026-03-26T09:23:12+00:00\" \/>\n<meta property=\"og:image\" content=\"https:\/\/becdor.com\/wp-content\/uploads\/2026\/03\/En-Closets_-Merlot-2024--scaled.webp\" \/>\n\t<meta property=\"og:image:width\" content=\"1707\" \/>\n\t<meta property=\"og:image:height\" content=\"2560\" \/>\n\t<meta property=\"og:image:type\" content=\"image\/webp\" \/>\n<meta name=\"twitter:card\" content=\"summary_large_image\" \/>\n<meta name=\"twitter:label1\" content=\"Dur\u00e9e de lecture estim\u00e9e\" \/>\n\t<meta name=\"twitter:data1\" content=\"1 minute\" \/>\n<script type=\"application\/ld+json\" class=\"yoast-schema-graph\">{\"@context\":\"https:\/\/schema.org\",\"@graph\":[{\"@type\":\"WebPage\",\"@id\":\"https:\/\/becdor.com\/produit\/en-closets\/\",\"url\":\"https:\/\/becdor.com\/produit\/en-closets\/\",\"name\":\"EN CLOSETS - Domaine Bec d&#039;Or\",\"isPartOf\":{\"@id\":\"https:\/\/becdor.com\/#website\"},\"primaryImageOfPage\":{\"@id\":\"https:\/\/becdor.com\/produit\/en-closets\/#primaryimage\"},\"image\":{\"@id\":\"https:\/\/becdor.com\/produit\/en-closets\/#primaryimage\"},\"thumbnailUrl\":\"https:\/\/becdor.com\/wp-content\/uploads\/2026\/03\/En-Closets_-Merlot-2024--scaled.webp\",\"datePublished\":\"2026-03-05T11:01:27+00:00\",\"dateModified\":\"2026-03-26T09:23:12+00:00\",\"breadcrumb\":{\"@id\":\"https:\/\/becdor.com\/produit\/en-closets\/#breadcrumb\"},\"inLanguage\":\"fr-FR\",\"potentialAction\":[{\"@type\":\"ReadAction\",\"target\":[\"https:\/\/becdor.com\/produit\/en-closets\/\"]}]},{\"@type\":\"ImageObject\",\"inLanguage\":\"fr-FR\",\"@id\":\"https:\/\/becdor.com\/produit\/en-closets\/#primaryimage\",\"url\":\"https:\/\/becdor.com\/wp-content\/uploads\/2026\/03\/En-Closets_-Merlot-2024--scaled.webp\",\"contentUrl\":\"https:\/\/becdor.com\/wp-content\/uploads\/2026\/03\/En-Closets_-Merlot-2024--scaled.webp\",\"width\":1707,\"height\":2560},{\"@type\":\"BreadcrumbList\",\"@id\":\"https:\/\/becdor.com\/produit\/en-closets\/#breadcrumb\",\"itemListElement\":[{\"@type\":\"ListItem\",\"position\":1,\"name\":\"Home\",\"item\":\"https:\/\/becdor.com\/\"},{\"@type\":\"ListItem\",\"position\":2,\"name\":\"Shop\",\"item\":\"https:\/\/becdor.com\/shop\/\"},{\"@type\":\"ListItem\",\"position\":3,\"name\":\"EN CLOSETS\"}]},{\"@type\":\"WebSite\",\"@id\":\"https:\/\/becdor.com\/#website\",\"url\":\"https:\/\/becdor.com\/\",\"name\":\"Domaine Bec d&#039;Or\",\"description\":\"\",\"potentialAction\":[{\"@type\":\"SearchAction\",\"target\":{\"@type\":\"EntryPoint\",\"urlTemplate\":\"https:\/\/becdor.com\/?s={search_term_string}\"},\"query-input\":{\"@type\":\"PropertyValueSpecification\",\"valueRequired\":true,\"valueName\":\"search_term_string\"}}],\"inLanguage\":\"fr-FR\"}]}<\/script>\n<!-- \/ Yoast SEO plugin. -->","yoast_head_json":{"title":"EN CLOSETS - Domaine Bec d&#039;Or","robots":{"index":"index","follow":"follow","max-snippet":"max-snippet:-1","max-image-preview":"max-image-preview:large","max-video-preview":"max-video-preview:-1"},"canonical":"https:\/\/becdor.com\/fr\/produit\/en-closets\/","og_locale":"fr_FR","og_type":"article","og_title":"EN CLOSETS - Domaine Bec d&#039;Or","og_description":"Number of bottles \u2013 1,200 bottles produced. Vine age \u2013 40 years. Yield \u2013 600 g\/m\u00b2. Vineyard parcels \u2013 Lieu-dit \u201cClosets\u201d, in Mont-sur-Rolle. Trained in Guyot. Harvest \u2013 Hand-harvested in small crates on September 23, 2024. Vinification \u2013 Separation of free-run and press juices, followed by ageing in stainless steel tanks for 18 months. Appearance [&hellip;]","og_url":"https:\/\/becdor.com\/fr\/produit\/en-closets\/","og_site_name":"Domaine Bec d&#039;Or","article_modified_time":"2026-03-26T09:23:12+00:00","og_image":[{"width":1707,"height":2560,"url":"https:\/\/becdor.com\/wp-content\/uploads\/2026\/03\/En-Closets_-Merlot-2024--scaled.webp","type":"image\/webp"}],"twitter_card":"summary_large_image","twitter_misc":{"Dur\u00e9e de lecture estim\u00e9e":"1 minute"},"schema":{"@context":"https:\/\/schema.org","@graph":[{"@type":"WebPage","@id":"https:\/\/becdor.com\/produit\/en-closets\/","url":"https:\/\/becdor.com\/produit\/en-closets\/","name":"EN CLOSETS - Domaine Bec d&#039;Or","isPartOf":{"@id":"https:\/\/becdor.com\/#website"},"primaryImageOfPage":{"@id":"https:\/\/becdor.com\/produit\/en-closets\/#primaryimage"},"image":{"@id":"https:\/\/becdor.com\/produit\/en-closets\/#primaryimage"},"thumbnailUrl":"https:\/\/becdor.com\/wp-content\/uploads\/2026\/03\/En-Closets_-Merlot-2024--scaled.webp","datePublished":"2026-03-05T11:01:27+00:00","dateModified":"2026-03-26T09:23:12+00:00","breadcrumb":{"@id":"https:\/\/becdor.com\/produit\/en-closets\/#breadcrumb"},"inLanguage":"fr-FR","potentialAction":[{"@type":"ReadAction","target":["https:\/\/becdor.com\/produit\/en-closets\/"]}]},{"@type":"ImageObject","inLanguage":"fr-FR","@id":"https:\/\/becdor.com\/produit\/en-closets\/#primaryimage","url":"https:\/\/becdor.com\/wp-content\/uploads\/2026\/03\/En-Closets_-Merlot-2024--scaled.webp","contentUrl":"https:\/\/becdor.com\/wp-content\/uploads\/2026\/03\/En-Closets_-Merlot-2024--scaled.webp","width":1707,"height":2560},{"@type":"BreadcrumbList","@id":"https:\/\/becdor.com\/produit\/en-closets\/#breadcrumb","itemListElement":[{"@type":"ListItem","position":1,"name":"Home","item":"https:\/\/becdor.com\/"},{"@type":"ListItem","position":2,"name":"Shop","item":"https:\/\/becdor.com\/shop\/"},{"@type":"ListItem","position":3,"name":"EN CLOSETS"}]},{"@type":"WebSite","@id":"https:\/\/becdor.com\/#website","url":"https:\/\/becdor.com\/","name":"Domaine Bec d'Or","description":"","potentialAction":[{"@type":"SearchAction","target":{"@type":"EntryPoint","urlTemplate":"https:\/\/becdor.com\/?s={search_term_string}"},"query-input":{"@type":"PropertyValueSpecification","valueRequired":true,"valueName":"search_term_string"}}],"inLanguage":"fr-FR"}]}},"_links":{"self":[{"href":"https:\/\/becdor.com\/fr\/wp-json\/wp\/v2\/product\/1191","targetHints":{"allow":["GET"]}}],"collection":[{"href":"https:\/\/becdor.com\/fr\/wp-json\/wp\/v2\/product"}],"about":[{"href":"https:\/\/becdor.com\/fr\/wp-json\/wp\/v2\/types\/product"}],"wp:featuredmedia":[{"embeddable":true,"href":"https:\/\/becdor.com\/fr\/wp-json\/wp\/v2\/media\/1179"}],"wp:attachment":[{"href":"https:\/\/becdor.com\/fr\/wp-json\/wp\/v2\/media?parent=1191"}],"wp:term":[{"taxonomy":"product_brand","embeddable":true,"href":"https:\/\/becdor.com\/fr\/wp-json\/wp\/v2\/product_brand?post=1191"},{"taxonomy":"product_cat","embeddable":true,"href":"https:\/\/becdor.com\/fr\/wp-json\/wp\/v2\/product_cat?post=1191"},{"taxonomy":"product_tag","embeddable":true,"href":"https:\/\/becdor.com\/fr\/wp-json\/wp\/v2\/product_tag?post=1191"}],"curies":[{"name":"wp","href":"https:\/\/api.w.org\/{rel}","templated":true}]}}